{"id":7199,"date":"2026-03-09T10:45:05","date_gmt":"2026-03-09T10:45:05","guid":{"rendered":"https:\/\/www.business-link.fr\/site\/?page_id=7199"},"modified":"2026-03-09T10:45:06","modified_gmt":"2026-03-09T10:45:06","slug":"mentions-legales","status":"publish","type":"page","link":"https:\/\/www.business-link.fr\/site\/mentions-legales\/","title":{"rendered":"Mentions l\u00e9gales"},"content":{"rendered":"\n<div class=\"wp-block-stackable-spacer stk-block-spacer stk--no-padding stk-block stk-6e978e0\" data-block-id=\"6e978e0\"><style>.stk-6e978e0 {height:30px !important;}<\/style><\/div>\n\n\n\n<div class=\"wp-block-stackable-heading stk-block-heading stk-block-heading--v2 stk-block stk-f03604f\" id=\"edition-et-publication\" data-block-id=\"f03604f\"><h2 class=\"stk-block-heading__text\">Edition et publication<\/h2><\/div>\n\n\n\n<div class=\"wp-block-stackable-spacer stk-block-spacer stk--no-padding stk-block stk-23d9c14\" data-block-id=\"23d9c14\"><style>.stk-23d9c14 {height:20px !important;}<\/style><\/div>\n\n\n\n<div class=\"wp-block-stackable-text stk-block-text stk-block stk-7f60bc8\" data-block-id=\"7f60bc8\"><p class=\"stk-block-text__text\">Le site www.business-link.fr\/site est \u00e9dit\u00e9 par la soci\u00e9t\u00e9 : SAS Business Link, agence de marketing B2B<br>dont le si\u00e8ge social est situ\u00e9 au 59 rue de l&rsquo;Union &#8211; 59200 Tourcoing, au capital social de 10 000\u20ac (dix mille euros), inscrite au RCS de Lille sous le num\u00e9ro 522 812 080 00029 &#8211; avec pour num\u00e9ro individuel d&rsquo;identification fiscale : FR87522812080<\/p><\/div>\n\n\n\n<div class=\"wp-block-stackable-text stk-block-text stk-block stk-0df9fea\" data-block-id=\"0df9fea\"><p class=\"stk-block-text__text\">La responsable de la publication est Katia FOERY, en qualit\u00e9 de Pr\u00e9sidente.<\/p><\/div>\n\n\n\n<div class=\"wp-block-stackable-text stk-block-text stk-block stk-21e608a\" data-block-id=\"21e608a\"><p class=\"stk-block-text__text\">Vous pouvez contacter la soci\u00e9t\u00e9 via le <a href=\"https:\/\/www.business-link.fr\/site\/nous-contacter\/\" type=\"page\" id=\"659\">formulaire de contact<\/a>, ou par t\u00e9l\u00e9phone au 03 59 057 053.<\/p><\/div>\n\n\n\n<div class=\"wp-block-stackable-spacer stk-block-spacer stk--no-padding stk-block stk-95167ae\" data-block-id=\"95167ae\"><style>.stk-95167ae {height:30px !important;}<\/style><\/div>\n\n\n\n<div class=\"wp-block-stackable-heading stk-block-heading stk-block-heading--v2 stk-block stk-9a88120\" id=\"hebergement\" data-block-id=\"9a88120\"><h2 class=\"stk-block-heading__text\">H\u00e9bergement<\/h2><\/div>\n\n\n\n<div class=\"wp-block-stackable-spacer stk-block-spacer stk--no-padding stk-block stk-adaa34e\" data-block-id=\"adaa34e\"><style>.stk-adaa34e {height:20px !important;}<\/style><\/div>\n\n\n\n<div class=\"wp-block-stackable-text stk-block-text stk-block stk-fe743b0\" data-block-id=\"fe743b0\"><p class=\"stk-block-text__text\">Le site est h\u00e9berg\u00e9 par la soci\u00e9t\u00e9 <strong>SAS ASTERIUM<\/strong>, des alsaciens pro, sympas et partenaires historique de Business Link.<\/p><\/div>\n\n\n\n<div class=\"wp-block-stackable-spacer stk-block-spacer stk--no-padding stk-block stk-09f9e25\" data-block-id=\"09f9e25\"><style>.stk-09f9e25 {height:30px !important;}<\/style><\/div>\n\n\n\n<div class=\"wp-block-stackable-heading stk-block-heading stk-block-heading--v2 stk-block stk-9819b97\" id=\"credits-photos\" data-block-id=\"9819b97\"><h2 class=\"stk-block-heading__text\">Cr\u00e9dits photos<\/h2><\/div>\n\n\n\n<div class=\"wp-block-stackable-spacer stk-block-spacer stk--no-padding stk-block stk-71db776\" data-block-id=\"71db776\"><style>.stk-71db776 {height:22px !important;}<\/style><\/div>\n\n\n\n<div class=\"wp-block-stackable-icon-list stk-block-icon-list stk-block stk-951daf3\" data-block-id=\"951daf3\"><svg style=\"display:none\"><defs><g id=\"stk-icon-list__icon-svg-def-951daf3\"><svg xmlns=\"http:\/\/www.w3.org\/2000\/svg\" viewBox=\"0 0 190 190\"><polygon points=\"173.8,28.4 60.4,141.8 15.7,97.2 5.1,107.8 60.4,163 184.4,39 173.8,28.4\"\/><\/svg><\/g><\/defs><\/svg><ul class=\"stk-block-icon-list__ul stk-block-icon-list--column\">\n<li class=\"wp-block-stackable-icon-list-item stk-block-icon-list-item stk-block stk-247ac1d\" data-block-id=\"247ac1d\"><div class=\"stk-block-icon-list-item__content\"><span class=\"stk--svg-wrapper\"><div class=\"stk--inner-svg\"><svg xmlns=\"http:\/\/www.w3.org\/2000\/svg\" viewBox=\"0 0 512 512\" aria-hidden=\"true\" width=\"32\" height=\"32\"><path d=\"M480 480H32c-17.7 0-32-14.3-32-32s14.3-32 32-32h448c17.7 0 32 14.3 32 32s-14.3 32-32 32z\"\/><\/svg><\/div><\/span><span class=\"stk-block-icon-list-item__text\">Image par <a href=\"https:\/\/pixabay.com\/fr\/users\/mobileappdevelopment-49699150\/?utm_source=link-attribution&amp;utm_medium=referral&amp;utm_campaign=image&amp;utm_content=10102262\">Lydia Sharon<\/a> de Pixabay<\/span><\/div><\/li>\n\n\n\n<li class=\"wp-block-stackable-icon-list-item stk-block-icon-list-item stk-block stk-7f70aec\" data-block-id=\"7f70aec\"><div class=\"stk-block-icon-list-item__content\"><span class=\"stk--svg-wrapper\"><div class=\"stk--inner-svg\"><svg xmlns=\"http:\/\/www.w3.org\/2000\/svg\" viewBox=\"0 0 512 512\" aria-hidden=\"true\" width=\"32\" height=\"32\"><path d=\"M480 480H32c-17.7 0-32-14.3-32-32s14.3-32 32-32h448c17.7 0 32 14.3 32 32s-14.3 32-32 32z\"\/><\/svg><\/div><\/span><span class=\"stk-block-icon-list-item__text\">Image par <a href=\"https:\/\/pixabay.com\/fr\/users\/alexas_fotos-686414\/?utm_source=link-attribution&amp;utm_medium=referral&amp;utm_campaign=image&amp;utm_content=4330453\" target=\"_blank\" rel=\"noreferrer noopener\">Alexa<\/a> de Pixabay<\/span><\/div><\/li>\n\n\n\n<li class=\"wp-block-stackable-icon-list-item stk-block-icon-list-item stk-block stk-d622d02\" data-block-id=\"d622d02\"><div class=\"stk-block-icon-list-item__content\"><span class=\"stk--svg-wrapper\"><div class=\"stk--inner-svg\"><svg xmlns=\"http:\/\/www.w3.org\/2000\/svg\" viewBox=\"0 0 512 512\" aria-hidden=\"true\" width=\"32\" height=\"32\"><path d=\"M480 480H32c-17.7 0-32-14.3-32-32s14.3-32 32-32h448c17.7 0 32 14.3 32 32s-14.3 32-32 32z\"\/><\/svg><\/div><\/span><span class=\"stk-block-icon-list-item__text\">Photo by\u00a0<a href=\"https:\/\/picjumbo.com\/author\/viktorhanacek\/\">Viktor Hanacek<\/a>\u00a0from\u00a0picjumbo.com<\/span><\/div><\/li>\n<\/ul><\/div>\n\n\n\n<div class=\"wp-block-stackable-text stk-block-text stk-block stk-ec4b9aa\" data-block-id=\"ec4b9aa\"><p class=\"stk-block-text__text\">Les images, photos et illustrations pr\u00e9sentes sur le site proviennent de banques d&rsquo;images gratuite \/ libre de droits. Nous reportons les cr\u00e9dits photos ici, n&rsquo;h\u00e9sitez pas \u00e0 <a href=\"https:\/\/www.business-link.fr\/site\/nous-contacter\/\" type=\"page\" id=\"659\" target=\"_blank\" rel=\"noreferrer noopener\">nous contacter<\/a> pour toute question \u00e0 ce sujet.<\/p><\/div>\n","protected":false},"excerpt":{"rendered":"<p>Edition et publication Le site www.business-link.fr\/site est \u00e9dit\u00e9 par la soci\u00e9t\u00e9 : SAS Business Link, agence de marketing B2Bdont le si\u00e8ge social est situ\u00e9 au 59 rue de l&rsquo;Union &#8211; 59200 Tourcoing, au capital social de 10 000\u20ac (dix mille euros), inscrite au RCS de Lille sous le num\u00e9ro 522 812 080 00029 &#8211; avec [&hellip;]<\/p>\n","protected":false},"author":2,"featured_media":0,"parent":0,"menu_order":0,"comment_status":"closed","ping_status":"closed","template":"","meta":{"_acf_changed":false,"footnotes":""},"class_list":["post-7199","page","type-page","status-publish","hentry"],"acf":[],"yoast_head":"<!-- This site is optimized with the Yoast SEO plugin v27.3 - https:\/\/yoast.com\/product\/yoast-seo-wordpress\/ -->\n<title>Mentions l\u00e9gales | Business Link<\/title>\n<meta name=\"description\" content=\"Edition et publication Le site www.business-link.fr\/site est \u00e9dit\u00e9 par la soci\u00e9t\u00e9 : SAS Business Link, agence de marketing B2Bdont le si\u00e8ge social est\" \/>\n<meta name=\"robots\" content=\"index, follow, max-snippet:-1, max-image-preview:large, max-video-preview:-1\" \/>\n<link rel=\"canonical\" href=\"https:\/\/www.business-link.fr\/site\/mentions-legales\/\" \/>\n<meta property=\"og:locale\" content=\"fr_FR\" \/>\n<meta property=\"og:type\" content=\"article\" \/>\n<meta property=\"og:title\" content=\"Mentions l\u00e9gales | Business Link\" \/>\n<meta property=\"og:description\" content=\"Edition et publication Le site www.business-link.fr\/site est \u00e9dit\u00e9 par la soci\u00e9t\u00e9 : SAS Business Link, agence de marketing B2Bdont le si\u00e8ge social est\" \/>\n<meta property=\"og:url\" content=\"https:\/\/www.business-link.fr\/site\/mentions-legales\/\" \/>\n<meta property=\"og:site_name\" content=\"Business Link\" \/>\n<meta property=\"article:publisher\" content=\"https:\/\/www.facebook.com\/Business.Link.marketingB2B\/\" \/>\n<meta property=\"article:modified_time\" content=\"2026-03-09T10:45:06+00:00\" \/>\n<meta name=\"twitter:label1\" content=\"Dur\u00e9e de lecture estim\u00e9e\" \/>\n\t<meta name=\"twitter:data1\" content=\"1 minute\" \/>\n<script type=\"application\/ld+json\" class=\"yoast-schema-graph\">{\"@context\":\"https:\\\/\\\/schema.org\",\"@graph\":[{\"@type\":\"WebPage\",\"@id\":\"https:\\\/\\\/www.business-link.fr\\\/site\\\/mentions-legales\\\/\",\"url\":\"https:\\\/\\\/www.business-link.fr\\\/site\\\/mentions-legales\\\/\",\"name\":\"Mentions l\u00e9gales | Business Link\",\"isPartOf\":{\"@id\":\"https:\\\/\\\/www.business-link.fr\\\/site\\\/#website\"},\"datePublished\":\"2026-03-09T10:45:05+00:00\",\"dateModified\":\"2026-03-09T10:45:06+00:00\",\"description\":\"Edition et publication Le site www.business-link.fr\\\/site est \u00e9dit\u00e9 par la soci\u00e9t\u00e9 : SAS Business Link, agence de marketing B2Bdont le si\u00e8ge social est\",\"breadcrumb\":{\"@id\":\"https:\\\/\\\/www.business-link.fr\\\/site\\\/mentions-legales\\\/#breadcrumb\"},\"inLanguage\":\"fr-FR\",\"potentialAction\":[{\"@type\":\"ReadAction\",\"target\":[\"https:\\\/\\\/www.business-link.fr\\\/site\\\/mentions-legales\\\/\"]}]},{\"@type\":\"BreadcrumbList\",\"@id\":\"https:\\\/\\\/www.business-link.fr\\\/site\\\/mentions-legales\\\/#breadcrumb\",\"itemListElement\":[{\"@type\":\"ListItem\",\"position\":1,\"name\":\"Accueil\",\"item\":\"https:\\\/\\\/www.business-link.fr\\\/site\\\/\"},{\"@type\":\"ListItem\",\"position\":2,\"name\":\"Mentions l\u00e9gales\"}]},{\"@type\":\"WebSite\",\"@id\":\"https:\\\/\\\/www.business-link.fr\\\/site\\\/#website\",\"url\":\"https:\\\/\\\/www.business-link.fr\\\/site\\\/\",\"name\":\"Business Link\",\"description\":\"L&#039;expert B2B qui accompagne votre d\u00e9veloppement\",\"publisher\":{\"@id\":\"https:\\\/\\\/www.business-link.fr\\\/site\\\/#organization\"},\"potentialAction\":[{\"@type\":\"SearchAction\",\"target\":{\"@type\":\"EntryPoint\",\"urlTemplate\":\"https:\\\/\\\/www.business-link.fr\\\/site\\\/?s={search_term_string}\"},\"query-input\":{\"@type\":\"PropertyValueSpecification\",\"valueRequired\":true,\"valueName\":\"search_term_string\"}}],\"inLanguage\":\"fr-FR\"},{\"@type\":\"Organization\",\"@id\":\"https:\\\/\\\/www.business-link.fr\\\/site\\\/#organization\",\"name\":\"Business Link\",\"url\":\"https:\\\/\\\/www.business-link.fr\\\/site\\\/\",\"logo\":{\"@type\":\"ImageObject\",\"inLanguage\":\"fr-FR\",\"@id\":\"https:\\\/\\\/www.business-link.fr\\\/site\\\/#\\\/schema\\\/logo\\\/image\\\/\",\"url\":\"https:\\\/\\\/www.business-link.fr\\\/site\\\/wp-content\\\/uploads\\\/2026\\\/03\\\/BLINK-logo-vertical-bleu-copie.png\",\"contentUrl\":\"https:\\\/\\\/www.business-link.fr\\\/site\\\/wp-content\\\/uploads\\\/2026\\\/03\\\/BLINK-logo-vertical-bleu-copie.png\",\"width\":418,\"height\":196,\"caption\":\"Business Link\"},\"image\":{\"@id\":\"https:\\\/\\\/www.business-link.fr\\\/site\\\/#\\\/schema\\\/logo\\\/image\\\/\"},\"sameAs\":[\"https:\\\/\\\/www.facebook.com\\\/Business.Link.marketingB2B\\\/\",\"https:\\\/\\\/www.linkedin.com\\\/company\\\/b-link\\\/\",\"https:\\\/\\\/www.instagram.com\\\/team_business_link\",\"https:\\\/\\\/www.youtube.com\\\/channel\\\/UCLI6vEbvytIdipXj1FRdNrw\"]}]}<\/script>\n<!-- \/ Yoast SEO plugin. -->","yoast_head_json":{"title":"Mentions l\u00e9gales | Business Link","description":"Edition et publication Le site www.business-link.fr\/site est \u00e9dit\u00e9 par la soci\u00e9t\u00e9 : SAS Business Link, agence de marketing B2Bdont le si\u00e8ge social est","robots":{"index":"index","follow":"follow","max-snippet":"max-snippet:-1","max-image-preview":"max-image-preview:large","max-video-preview":"max-video-preview:-1"},"canonical":"https:\/\/www.business-link.fr\/site\/mentions-legales\/","og_locale":"fr_FR","og_type":"article","og_title":"Mentions l\u00e9gales | Business Link","og_description":"Edition et publication Le site www.business-link.fr\/site est \u00e9dit\u00e9 par la soci\u00e9t\u00e9 : SAS Business Link, agence de marketing B2Bdont le si\u00e8ge social est","og_url":"https:\/\/www.business-link.fr\/site\/mentions-legales\/","og_site_name":"Business Link","article_publisher":"https:\/\/www.facebook.com\/Business.Link.marketingB2B\/","article_modified_time":"2026-03-09T10:45:06+00:00","twitter_misc":{"Dur\u00e9e de lecture estim\u00e9e":"1 minute"},"schema":{"@context":"https:\/\/schema.org","@graph":[{"@type":"WebPage","@id":"https:\/\/www.business-link.fr\/site\/mentions-legales\/","url":"https:\/\/www.business-link.fr\/site\/mentions-legales\/","name":"Mentions l\u00e9gales | Business Link","isPartOf":{"@id":"https:\/\/www.business-link.fr\/site\/#website"},"datePublished":"2026-03-09T10:45:05+00:00","dateModified":"2026-03-09T10:45:06+00:00","description":"Edition et publication Le site www.business-link.fr\/site est \u00e9dit\u00e9 par la soci\u00e9t\u00e9 : SAS Business Link, agence de marketing B2Bdont le si\u00e8ge social est","breadcrumb":{"@id":"https:\/\/www.business-link.fr\/site\/mentions-legales\/#breadcrumb"},"inLanguage":"fr-FR","potentialAction":[{"@type":"ReadAction","target":["https:\/\/www.business-link.fr\/site\/mentions-legales\/"]}]},{"@type":"BreadcrumbList","@id":"https:\/\/www.business-link.fr\/site\/mentions-legales\/#breadcrumb","itemListElement":[{"@type":"ListItem","position":1,"name":"Accueil","item":"https:\/\/www.business-link.fr\/site\/"},{"@type":"ListItem","position":2,"name":"Mentions l\u00e9gales"}]},{"@type":"WebSite","@id":"https:\/\/www.business-link.fr\/site\/#website","url":"https:\/\/www.business-link.fr\/site\/","name":"Business Link","description":"L&#039;expert B2B qui accompagne votre d\u00e9veloppement","publisher":{"@id":"https:\/\/www.business-link.fr\/site\/#organization"},"potentialAction":[{"@type":"SearchAction","target":{"@type":"EntryPoint","urlTemplate":"https:\/\/www.business-link.fr\/site\/?s={search_term_string}"},"query-input":{"@type":"PropertyValueSpecification","valueRequired":true,"valueName":"search_term_string"}}],"inLanguage":"fr-FR"},{"@type":"Organization","@id":"https:\/\/www.business-link.fr\/site\/#organization","name":"Business Link","url":"https:\/\/www.business-link.fr\/site\/","logo":{"@type":"ImageObject","inLanguage":"fr-FR","@id":"https:\/\/www.business-link.fr\/site\/#\/schema\/logo\/image\/","url":"https:\/\/www.business-link.fr\/site\/wp-content\/uploads\/2026\/03\/BLINK-logo-vertical-bleu-copie.png","contentUrl":"https:\/\/www.business-link.fr\/site\/wp-content\/uploads\/2026\/03\/BLINK-logo-vertical-bleu-copie.png","width":418,"height":196,"caption":"Business Link"},"image":{"@id":"https:\/\/www.business-link.fr\/site\/#\/schema\/logo\/image\/"},"sameAs":["https:\/\/www.facebook.com\/Business.Link.marketingB2B\/","https:\/\/www.linkedin.com\/company\/b-link\/","https:\/\/www.instagram.com\/team_business_link","https:\/\/www.youtube.com\/channel\/UCLI6vEbvytIdipXj1FRdNrw"]}]}},"_links":{"self":[{"href":"https:\/\/www.business-link.fr\/site\/wp-json\/wp\/v2\/pages\/7199","targetHints":{"allow":["GET"]}}],"collection":[{"href":"https:\/\/www.business-link.fr\/site\/wp-json\/wp\/v2\/pages"}],"about":[{"href":"https:\/\/www.business-link.fr\/site\/wp-json\/wp\/v2\/types\/page"}],"author":[{"embeddable":true,"href":"https:\/\/www.business-link.fr\/site\/wp-json\/wp\/v2\/users\/2"}],"replies":[{"embeddable":true,"href":"https:\/\/www.business-link.fr\/site\/wp-json\/wp\/v2\/comments?post=7199"}],"version-history":[{"count":8,"href":"https:\/\/www.business-link.fr\/site\/wp-json\/wp\/v2\/pages\/7199\/revisions"}],"predecessor-version":[{"id":8282,"href":"https:\/\/www.business-link.fr\/site\/wp-json\/wp\/v2\/pages\/7199\/revisions\/8282"}],"wp:attachment":[{"href":"https:\/\/www.business-link.fr\/site\/wp-json\/wp\/v2\/media?parent=7199"}],"curies":[{"name":"wp","href":"https:\/\/api.w.org\/{rel}","templated":true}]}}