{"id":7153,"date":"2023-07-19T09:59:27","date_gmt":"2023-07-19T09:59:27","guid":{"rendered":"https:\/\/www.business-link.fr\/site\/?page_id=7153"},"modified":"2026-03-06T18:45:24","modified_gmt":"2026-03-06T18:45:24","slug":"qui-sommes-nous","status":"publish","type":"page","link":"https:\/\/www.business-link.fr\/site\/qui-sommes-nous\/","title":{"rendered":"Qui sommes-nous ?"},"content":{"rendered":"\n<div class=\"wp-block-stackable-spacer stk-block-spacer stk--no-padding stk-block stk-3765e9e\" data-block-id=\"3765e9e\"><style>.stk-3765e9e {height:20px !important;}<\/style><\/div>\n\n\n\n<h2 class=\"wp-block-heading has-text-align-center\"><strong>Business Link, l&rsquo;agence de marketing digital pour le B2B<\/strong><\/h2>\n\n\n\n<div class=\"wp-block-stackable-spacer stk-block-spacer stk--no-padding stk-block stk-3e09d8e\" data-block-id=\"3e09d8e\"><style>.stk-3e09d8e {height:50px !important;}<\/style><\/div>\n\n\n\n<div class=\"wp-block-stackable-columns stk-block-columns stk-block stk-bb2cea4\" data-block-id=\"bb2cea4\"><div class=\"stk-row stk-inner-blocks stk-block-content stk-content-align stk-bb2cea4-column\">\n<div class=\"wp-block-stackable-column stk-block-column stk-column stk-block stk-29f33f0\" data-v=\"4\" data-block-id=\"29f33f0\"><div class=\"stk-column-wrapper stk-block-column__content stk-container stk-29f33f0-container stk--no-background stk--no-padding\"><div class=\"stk-block-content stk-inner-blocks stk-29f33f0-inner-blocks\">\n<div class=\"wp-block-stackable-text stk-block-text stk-block stk-b36eb1c\" data-block-id=\"b36eb1c\"><p class=\"stk-block-text__text\">Vos clients sont des entreprises ? Vous avez besoin d&rsquo;une communication et d&rsquo;un marketing sp\u00e9cifiquement pens\u00e9s pour les professionnels.<\/p><\/div>\n\n\n\n<div class=\"wp-block-stackable-text stk-block-text stk-block stk-8374054\" data-block-id=\"8374054\"><p class=\"stk-block-text__text\">Depuis 2010, Business Link accompagne les entreprises dans leur relation client B2B. Nous intervenons sur quatre piliers essentiels :<\/p><\/div>\n\n\n\n<div class=\"wp-block-stackable-text stk-block-text stk-block stk-74c3e2c\" data-block-id=\"74c3e2c\"><p class=\"stk-block-text__text\">&#8211; <strong>La data<\/strong> : structurer vos fichiers clients et prospects pour mieux les exploiter.<br>&#8211; <strong>La fid\u00e9lisation<\/strong> : mettre en place des outils qualitatifs pour conserver vos clients.<br>&#8211; <strong>La prospection<\/strong> : g\u00e9n\u00e9rer des leads qualifi\u00e9s pour vos \u00e9quipes commerciales.<br>&#8211; <strong>Le studio<\/strong> : d\u00e9velopper votre image de marque, sur le web comme sur le print.<\/p><\/div>\n<\/div><\/div><\/div>\n\n\n\n<div class=\"wp-block-stackable-column stk-block-column stk-column stk-block stk-9e3c212\" data-v=\"4\" data-block-id=\"9e3c212\"><div class=\"stk-column-wrapper stk-block-column__content stk-container stk-9e3c212-container stk--no-background stk--no-padding\"><div class=\"stk-block-content stk-inner-blocks stk-9e3c212-inner-blocks\">\n<figure class=\"wp-block-embed is-type-video is-provider-youtube wp-block-embed-youtube wp-embed-aspect-16-9 wp-has-aspect-ratio\"><div class=\"wp-block-embed__wrapper\">\n<iframe loading=\"lazy\" title=\"Vid\u00e9o de pr\u00e9sentation Business Link\" width=\"500\" height=\"281\" src=\"https:\/\/www.youtube.com\/embed\/zbvWNQrRJuk?feature=oembed\" frameborder=\"0\" allow=\"accelerometer; autoplay; clipboard-write; encrypted-media; gyroscope; picture-in-picture; web-share\" referrerpolicy=\"strict-origin-when-cross-origin\" allowfullscreen><\/iframe>\n<\/div><\/figure>\n<\/div><\/div><\/div>\n<\/div><\/div>\n\n\n\n<div class=\"wp-block-stackable-spacer stk-block-spacer stk--no-padding stk-block stk-24779cd\" data-block-id=\"24779cd\"><style>.stk-24779cd {height:50px !important;}<\/style><\/div>\n\n\n\n<div class=\"wp-block-stackable-heading stk-block-heading stk-block-heading--v2 stk-block stk-254de2b\" id=\"strong-notre-histoire-strong\" data-block-id=\"254de2b\"><h2 class=\"stk-block-heading__text has-text-align-center\"><strong>Notre histoire<\/strong><\/h2><\/div>\n\n\n\n<div class=\"wp-block-stackable-spacer stk-block-spacer stk--no-padding stk-block stk-bd41c8d\" data-block-id=\"bd41c8d\"><style>.stk-bd41c8d {height:50px !important;}<\/style><\/div>\n\n\n\n<div class=\"wp-block-stackable-columns stk-block-columns stk-block stk-ffdb4e1\" data-block-id=\"ffdb4e1\"><div class=\"stk-row stk-inner-blocks stk-block-content stk-content-align stk-ffdb4e1-column\">\n<div class=\"wp-block-stackable-column stk-block-column stk-column stk-block stk-c173df2\" data-v=\"4\" data-block-id=\"c173df2\"><style>@media screen and (min-width: 768px){.stk-c173df2 {flex:var(--stk-flex-grow, 1) 1 calc(40% - var(--stk-column-gap, 0px) * 1 \/ 2 ) !important;}}<\/style><div class=\"stk-column-wrapper stk-block-column__content stk-container stk-c173df2-container stk--no-background stk--no-padding\"><div class=\"stk-block-content stk-inner-blocks stk-c173df2-inner-blocks\">\n<div class=\"wp-block-stackable-image stk-block-image stk-block stk-68ae487\" data-block-id=\"68ae487\"><style>.stk-68ae487 .stk-img-wrapper{width:300px !important;}<\/style><figure><span class=\"stk-img-wrapper stk-image--shape-stretch\"><img loading=\"lazy\" decoding=\"async\" class=\"stk-img wp-image-5494\" src=\"https:\/\/www.business-link.fr\/site\/wp-content\/uploads\/2020\/05\/valeurs-b-link.jpg\" width=\"300\" height=\"251\" alt=\"valeurs business link\" srcset=\"https:\/\/www.business-link.fr\/site\/wp-content\/uploads\/2020\/05\/valeurs-b-link.jpg 300w, https:\/\/www.business-link.fr\/site\/wp-content\/uploads\/2020\/05\/valeurs-b-link-134x112.jpg 134w\" sizes=\"auto, (max-width: 300px) 100vw, 300px\" \/><\/span><\/figure><\/div>\n<\/div><\/div><\/div>\n\n\n\n<div class=\"wp-block-stackable-column stk-block-column stk-column stk-block stk-5cb3c85\" data-v=\"4\" data-block-id=\"5cb3c85\"><style>@media screen and (min-width: 768px){.stk-5cb3c85 {flex:var(--stk-flex-grow, 1) 1 calc(60% - var(--stk-column-gap, 0px) * 1 \/ 2 ) !important;}}<\/style><div class=\"stk-column-wrapper stk-block-column__content stk-container stk-5cb3c85-container stk--no-background stk--no-padding\"><div class=\"stk-block-content stk-inner-blocks stk-5cb3c85-inner-blocks\">\n<div class=\"wp-block-stackable-text stk-block-text stk-block stk-dd02110\" data-block-id=\"dd02110\"><p class=\"stk-block-text__text\">L&rsquo;agence a \u00e9t\u00e9 cr\u00e9\u00e9e en 2010 par Olivier Jonckheere avec une mission claire : simplifier la prospection B2B. Depuis septembre 2019, c&rsquo;est <strong>Katia Foery<\/strong> qui dirige et poursuit ce d\u00e9veloppement.<\/p><\/div>\n\n\n\n<div class=\"wp-block-stackable-text stk-block-text stk-block stk-14dcca3\" data-block-id=\"14dcca3\"><p class=\"stk-block-text__text\">Aujourd&rsquo;hui, Business Link concentre son expertise sur quatre domaines :<\/p><\/div>\n\n\n\n<div class=\"wp-block-stackable-text stk-block-text stk-block stk-1a9a32e\" data-block-id=\"1a9a32e\"><p class=\"stk-block-text__text\"><strong>1. Analyser et organiser vos donn\u00e9es<\/strong> commerciales pour gagner en efficacit\u00e9 marketing.<\/p><\/div>\n\n\n\n<div class=\"wp-block-stackable-text stk-block-text stk-block stk-bcb4430\" data-block-id=\"bcb4430\"><p class=\"stk-block-text__text\"><strong>2. Fid\u00e9liser vos clients<\/strong> gr\u00e2ce \u00e0 une approche communication\/marketing personnalis\u00e9e.<\/p><\/div>\n\n\n\n<div class=\"wp-block-stackable-text stk-block-text stk-block stk-087b7f8\" data-block-id=\"087b7f8\"><p class=\"stk-block-text__text\"><strong>3. Conqu\u00e9rir de nouveaux march\u00e9s<\/strong> avec une prospection mesurable.<\/p><\/div>\n\n\n\n<div class=\"wp-block-stackable-text stk-block-text stk-block stk-025987d\" data-block-id=\"025987d\"><p class=\"stk-block-text__text\"><strong>4. Booster votre notori\u00e9t\u00e9<\/strong> gr\u00e2ce \u00e0 la cr\u00e9ation de contenus pertinents.<\/p><\/div>\n<\/div><\/div><\/div>\n<\/div><\/div>\n\n\n\n<div class=\"wp-block-stackable-text stk-block-text stk-block stk-e25e279\" data-block-id=\"e25e279\"><p class=\"stk-block-text__text\">Nous sommes une agence sp\u00e9cialis\u00e9e qui vous accompagne aussi bien sur la strat\u00e9gie que sur l&rsquo;op\u00e9rationnel. Bas\u00e9s \u00e0 <strong>Tourcoing<\/strong>, au c\u0153ur de la zone de l\u2019Union, nous travaillons chaque jour aux c\u00f4t\u00e9s d&rsquo;entreprises locales et nationales.<\/p><\/div>\n\n\n\n<div class=\"wp-block-stackable-spacer stk-block-spacer stk--no-padding stk-block stk-6a9ccf9\" data-block-id=\"6a9ccf9\"><style>.stk-6a9ccf9 {height:75px !important;}<\/style><\/div>\n","protected":false},"excerpt":{"rendered":"<p>Business Link, l&rsquo;agence de marketing digital pour le B2B Vos clients sont des entreprises ? Vous avez besoin d&rsquo;une communication et d&rsquo;un marketing sp\u00e9cifiquement pens\u00e9s pour les professionnels. Depuis 2010, Business Link accompagne les entreprises dans leur relation client B2B. Nous intervenons sur quatre piliers essentiels : &#8211; La data : structurer vos fichiers clients [&hellip;]<\/p>\n","protected":false},"author":2,"featured_media":0,"parent":0,"menu_order":0,"comment_status":"closed","ping_status":"closed","template":"","meta":{"_acf_changed":false,"footnotes":""},"class_list":["post-7153","page","type-page","status-publish","hentry"],"acf":[],"yoast_head":"<!-- This site is optimized with the Yoast SEO plugin v27.3 - https:\/\/yoast.com\/product\/yoast-seo-wordpress\/ -->\n<title>Qui sommes-nous ? | Business Link<\/title>\n<meta name=\"description\" content=\"Business Link, l&#039;agence de marketing digital pour le B2B Vos clients sont des entreprises ? Vous avez besoin d&#039;une communication et d&#039;un marketing\" \/>\n<meta name=\"robots\" content=\"index, follow, max-snippet:-1, max-image-preview:large, max-video-preview:-1\" \/>\n<link rel=\"canonical\" href=\"https:\/\/www.business-link.fr\/site\/qui-sommes-nous\/\" \/>\n<meta property=\"og:locale\" content=\"fr_FR\" \/>\n<meta property=\"og:type\" content=\"article\" \/>\n<meta property=\"og:title\" content=\"Qui sommes-nous ? | Business Link\" \/>\n<meta property=\"og:description\" content=\"Business Link, l&#039;agence de marketing digital pour le B2B Vos clients sont des entreprises ? Vous avez besoin d&#039;une communication et d&#039;un marketing\" \/>\n<meta property=\"og:url\" content=\"https:\/\/www.business-link.fr\/site\/qui-sommes-nous\/\" \/>\n<meta property=\"og:site_name\" content=\"Business Link\" \/>\n<meta property=\"article:publisher\" content=\"https:\/\/www.facebook.com\/Business.Link.marketingB2B\/\" \/>\n<meta property=\"article:modified_time\" content=\"2026-03-06T18:45:24+00:00\" \/>\n<meta property=\"og:image\" content=\"https:\/\/www.business-link.fr\/site\/wp-content\/uploads\/2020\/05\/valeurs-b-link.jpg\" \/>\n\t<meta property=\"og:image:width\" content=\"300\" \/>\n\t<meta property=\"og:image:height\" content=\"251\" \/>\n\t<meta property=\"og:image:type\" content=\"image\/jpeg\" \/>\n<meta name=\"twitter:label1\" content=\"Dur\u00e9e de lecture estim\u00e9e\" \/>\n\t<meta name=\"twitter:data1\" content=\"2 minutes\" \/>\n<script type=\"application\/ld+json\" class=\"yoast-schema-graph\">{\"@context\":\"https:\\\/\\\/schema.org\",\"@graph\":[{\"@type\":\"WebPage\",\"@id\":\"https:\\\/\\\/www.business-link.fr\\\/site\\\/qui-sommes-nous\\\/\",\"url\":\"https:\\\/\\\/www.business-link.fr\\\/site\\\/qui-sommes-nous\\\/\",\"name\":\"Qui sommes-nous ? | Business Link\",\"isPartOf\":{\"@id\":\"https:\\\/\\\/www.business-link.fr\\\/site\\\/#website\"},\"primaryImageOfPage\":{\"@id\":\"https:\\\/\\\/www.business-link.fr\\\/site\\\/qui-sommes-nous\\\/#primaryimage\"},\"image\":{\"@id\":\"https:\\\/\\\/www.business-link.fr\\\/site\\\/qui-sommes-nous\\\/#primaryimage\"},\"thumbnailUrl\":\"https:\\\/\\\/www.business-link.fr\\\/site\\\/wp-content\\\/uploads\\\/2020\\\/05\\\/valeurs-b-link.jpg\",\"datePublished\":\"2023-07-19T09:59:27+00:00\",\"dateModified\":\"2026-03-06T18:45:24+00:00\",\"description\":\"Business Link, l'agence de marketing digital pour le B2B Vos clients sont des entreprises ? Vous avez besoin d'une communication et d'un marketing\",\"breadcrumb\":{\"@id\":\"https:\\\/\\\/www.business-link.fr\\\/site\\\/qui-sommes-nous\\\/#breadcrumb\"},\"inLanguage\":\"fr-FR\",\"potentialAction\":[{\"@type\":\"ReadAction\",\"target\":[\"https:\\\/\\\/www.business-link.fr\\\/site\\\/qui-sommes-nous\\\/\"]}]},{\"@type\":\"ImageObject\",\"inLanguage\":\"fr-FR\",\"@id\":\"https:\\\/\\\/www.business-link.fr\\\/site\\\/qui-sommes-nous\\\/#primaryimage\",\"url\":\"https:\\\/\\\/www.business-link.fr\\\/site\\\/wp-content\\\/uploads\\\/2020\\\/05\\\/valeurs-b-link.jpg\",\"contentUrl\":\"https:\\\/\\\/www.business-link.fr\\\/site\\\/wp-content\\\/uploads\\\/2020\\\/05\\\/valeurs-b-link.jpg\",\"width\":300,\"height\":251,\"caption\":\"valeurs business link\"},{\"@type\":\"BreadcrumbList\",\"@id\":\"https:\\\/\\\/www.business-link.fr\\\/site\\\/qui-sommes-nous\\\/#breadcrumb\",\"itemListElement\":[{\"@type\":\"ListItem\",\"position\":1,\"name\":\"Accueil\",\"item\":\"https:\\\/\\\/www.business-link.fr\\\/site\\\/\"},{\"@type\":\"ListItem\",\"position\":2,\"name\":\"Qui sommes-nous ?\"}]},{\"@type\":\"WebSite\",\"@id\":\"https:\\\/\\\/www.business-link.fr\\\/site\\\/#website\",\"url\":\"https:\\\/\\\/www.business-link.fr\\\/site\\\/\",\"name\":\"Business Link\",\"description\":\"L&#039;expert B2B qui accompagne votre d\u00e9veloppement\",\"publisher\":{\"@id\":\"https:\\\/\\\/www.business-link.fr\\\/site\\\/#organization\"},\"potentialAction\":[{\"@type\":\"SearchAction\",\"target\":{\"@type\":\"EntryPoint\",\"urlTemplate\":\"https:\\\/\\\/www.business-link.fr\\\/site\\\/?s={search_term_string}\"},\"query-input\":{\"@type\":\"PropertyValueSpecification\",\"valueRequired\":true,\"valueName\":\"search_term_string\"}}],\"inLanguage\":\"fr-FR\"},{\"@type\":\"Organization\",\"@id\":\"https:\\\/\\\/www.business-link.fr\\\/site\\\/#organization\",\"name\":\"Business Link\",\"url\":\"https:\\\/\\\/www.business-link.fr\\\/site\\\/\",\"logo\":{\"@type\":\"ImageObject\",\"inLanguage\":\"fr-FR\",\"@id\":\"https:\\\/\\\/www.business-link.fr\\\/site\\\/#\\\/schema\\\/logo\\\/image\\\/\",\"url\":\"https:\\\/\\\/www.business-link.fr\\\/site\\\/wp-content\\\/uploads\\\/2026\\\/03\\\/BLINK-logo-vertical-bleu-copie.png\",\"contentUrl\":\"https:\\\/\\\/www.business-link.fr\\\/site\\\/wp-content\\\/uploads\\\/2026\\\/03\\\/BLINK-logo-vertical-bleu-copie.png\",\"width\":418,\"height\":196,\"caption\":\"Business Link\"},\"image\":{\"@id\":\"https:\\\/\\\/www.business-link.fr\\\/site\\\/#\\\/schema\\\/logo\\\/image\\\/\"},\"sameAs\":[\"https:\\\/\\\/www.facebook.com\\\/Business.Link.marketingB2B\\\/\",\"https:\\\/\\\/www.linkedin.com\\\/company\\\/b-link\\\/\",\"https:\\\/\\\/www.instagram.com\\\/team_business_link\",\"https:\\\/\\\/www.youtube.com\\\/channel\\\/UCLI6vEbvytIdipXj1FRdNrw\"]}]}<\/script>\n<!-- \/ Yoast SEO plugin. -->","yoast_head_json":{"title":"Qui sommes-nous ? | Business Link","description":"Business Link, l'agence de marketing digital pour le B2B Vos clients sont des entreprises ? Vous avez besoin d'une communication et d'un marketing","robots":{"index":"index","follow":"follow","max-snippet":"max-snippet:-1","max-image-preview":"max-image-preview:large","max-video-preview":"max-video-preview:-1"},"canonical":"https:\/\/www.business-link.fr\/site\/qui-sommes-nous\/","og_locale":"fr_FR","og_type":"article","og_title":"Qui sommes-nous ? | Business Link","og_description":"Business Link, l'agence de marketing digital pour le B2B Vos clients sont des entreprises ? Vous avez besoin d'une communication et d'un marketing","og_url":"https:\/\/www.business-link.fr\/site\/qui-sommes-nous\/","og_site_name":"Business Link","article_publisher":"https:\/\/www.facebook.com\/Business.Link.marketingB2B\/","article_modified_time":"2026-03-06T18:45:24+00:00","og_image":[{"width":300,"height":251,"url":"https:\/\/www.business-link.fr\/site\/wp-content\/uploads\/2020\/05\/valeurs-b-link.jpg","type":"image\/jpeg"}],"twitter_misc":{"Dur\u00e9e de lecture estim\u00e9e":"2 minutes"},"schema":{"@context":"https:\/\/schema.org","@graph":[{"@type":"WebPage","@id":"https:\/\/www.business-link.fr\/site\/qui-sommes-nous\/","url":"https:\/\/www.business-link.fr\/site\/qui-sommes-nous\/","name":"Qui sommes-nous ? | Business Link","isPartOf":{"@id":"https:\/\/www.business-link.fr\/site\/#website"},"primaryImageOfPage":{"@id":"https:\/\/www.business-link.fr\/site\/qui-sommes-nous\/#primaryimage"},"image":{"@id":"https:\/\/www.business-link.fr\/site\/qui-sommes-nous\/#primaryimage"},"thumbnailUrl":"https:\/\/www.business-link.fr\/site\/wp-content\/uploads\/2020\/05\/valeurs-b-link.jpg","datePublished":"2023-07-19T09:59:27+00:00","dateModified":"2026-03-06T18:45:24+00:00","description":"Business Link, l'agence de marketing digital pour le B2B Vos clients sont des entreprises ? Vous avez besoin d'une communication et d'un marketing","breadcrumb":{"@id":"https:\/\/www.business-link.fr\/site\/qui-sommes-nous\/#breadcrumb"},"inLanguage":"fr-FR","potentialAction":[{"@type":"ReadAction","target":["https:\/\/www.business-link.fr\/site\/qui-sommes-nous\/"]}]},{"@type":"ImageObject","inLanguage":"fr-FR","@id":"https:\/\/www.business-link.fr\/site\/qui-sommes-nous\/#primaryimage","url":"https:\/\/www.business-link.fr\/site\/wp-content\/uploads\/2020\/05\/valeurs-b-link.jpg","contentUrl":"https:\/\/www.business-link.fr\/site\/wp-content\/uploads\/2020\/05\/valeurs-b-link.jpg","width":300,"height":251,"caption":"valeurs business link"},{"@type":"BreadcrumbList","@id":"https:\/\/www.business-link.fr\/site\/qui-sommes-nous\/#breadcrumb","itemListElement":[{"@type":"ListItem","position":1,"name":"Accueil","item":"https:\/\/www.business-link.fr\/site\/"},{"@type":"ListItem","position":2,"name":"Qui sommes-nous ?"}]},{"@type":"WebSite","@id":"https:\/\/www.business-link.fr\/site\/#website","url":"https:\/\/www.business-link.fr\/site\/","name":"Business Link","description":"L&#039;expert B2B qui accompagne votre d\u00e9veloppement","publisher":{"@id":"https:\/\/www.business-link.fr\/site\/#organization"},"potentialAction":[{"@type":"SearchAction","target":{"@type":"EntryPoint","urlTemplate":"https:\/\/www.business-link.fr\/site\/?s={search_term_string}"},"query-input":{"@type":"PropertyValueSpecification","valueRequired":true,"valueName":"search_term_string"}}],"inLanguage":"fr-FR"},{"@type":"Organization","@id":"https:\/\/www.business-link.fr\/site\/#organization","name":"Business Link","url":"https:\/\/www.business-link.fr\/site\/","logo":{"@type":"ImageObject","inLanguage":"fr-FR","@id":"https:\/\/www.business-link.fr\/site\/#\/schema\/logo\/image\/","url":"https:\/\/www.business-link.fr\/site\/wp-content\/uploads\/2026\/03\/BLINK-logo-vertical-bleu-copie.png","contentUrl":"https:\/\/www.business-link.fr\/site\/wp-content\/uploads\/2026\/03\/BLINK-logo-vertical-bleu-copie.png","width":418,"height":196,"caption":"Business Link"},"image":{"@id":"https:\/\/www.business-link.fr\/site\/#\/schema\/logo\/image\/"},"sameAs":["https:\/\/www.facebook.com\/Business.Link.marketingB2B\/","https:\/\/www.linkedin.com\/company\/b-link\/","https:\/\/www.instagram.com\/team_business_link","https:\/\/www.youtube.com\/channel\/UCLI6vEbvytIdipXj1FRdNrw"]}]}},"_links":{"self":[{"href":"https:\/\/www.business-link.fr\/site\/wp-json\/wp\/v2\/pages\/7153","targetHints":{"allow":["GET"]}}],"collection":[{"href":"https:\/\/www.business-link.fr\/site\/wp-json\/wp\/v2\/pages"}],"about":[{"href":"https:\/\/www.business-link.fr\/site\/wp-json\/wp\/v2\/types\/page"}],"author":[{"embeddable":true,"href":"https:\/\/www.business-link.fr\/site\/wp-json\/wp\/v2\/users\/2"}],"replies":[{"embeddable":true,"href":"https:\/\/www.business-link.fr\/site\/wp-json\/wp\/v2\/comments?post=7153"}],"version-history":[{"count":28,"href":"https:\/\/www.business-link.fr\/site\/wp-json\/wp\/v2\/pages\/7153\/revisions"}],"predecessor-version":[{"id":8247,"href":"https:\/\/www.business-link.fr\/site\/wp-json\/wp\/v2\/pages\/7153\/revisions\/8247"}],"wp:attachment":[{"href":"https:\/\/www.business-link.fr\/site\/wp-json\/wp\/v2\/media?parent=7153"}],"curies":[{"name":"wp","href":"https:\/\/api.w.org\/{rel}","templated":true}]}}