{"id":714,"date":"2015-02-18T17:13:20","date_gmt":"2015-02-18T17:13:20","guid":{"rendered":"https:\/\/www.business-link.fr\/site\/?page_id=714"},"modified":"2026-03-23T11:30:20","modified_gmt":"2026-03-23T11:30:20","slug":"newsletter","status":"publish","type":"page","link":"https:\/\/www.business-link.fr\/site\/newsletter\/","title":{"rendered":"Newsletter"},"content":{"rendered":"\n<div class=\"wp-block-stackable-heading stk-block-heading stk-block-heading--v2 stk-block stk-628415e\" id=\"rejoignez-notre-canal-privilegie-notre-newsletter\" data-block-id=\"628415e\"><h2 class=\"stk-block-heading__text\">Rejoignez notre canal privil\u00e9gi\u00e9, notre newsletter !<\/h2><\/div>\n\n\n\n<div class=\"wp-block-stackable-spacer stk-block-spacer stk--no-padding stk-block stk-b3864c8\" data-block-id=\"b3864c8\"><style>.stk-b3864c8 {height:20px !important;}<\/style><\/div>\n\n\n\n<div class=\"wp-block-stackable-columns stk-block-columns stk-block stk-62c1da8\" data-block-id=\"62c1da8\"><style>.stk-62c1da8-column{--stk-column-gap:10px !important;}<\/style><div class=\"stk-row stk-inner-blocks stk-block-content stk-content-align stk-62c1da8-column\">\n<div class=\"wp-block-stackable-column stk-block-column stk-column stk-block stk-6f0eae1\" data-v=\"4\" data-block-id=\"6f0eae1\"><style>@media screen and (min-width: 768px){.stk-6f0eae1 {flex:var(--stk-flex-grow, 1) 1 calc(60% - var(--stk-column-gap, 0px) * 1 \/ 2 ) !important;}}<\/style><div class=\"stk-column-wrapper stk-block-column__content stk-container stk-6f0eae1-container stk--no-background stk--no-padding\"><div class=\"stk-block-content stk-inner-blocks stk-6f0eae1-inner-blocks\">\n<div class=\"wp-block-stackable-text stk-block-text stk-block stk-be10c59\" data-block-id=\"be10c59\"><p class=\"stk-block-text__text\">La newsletter, c\u2019est <strong>notre canal pr\u00e9f\u00e9r\u00e9<\/strong>. C\u2019est l\u00e0 que l\u2019on prend le temps de partager avec vous, sans filtre et sans d\u00e9tour.<\/p><\/div>\n\n\n\n<div class=\"wp-block-stackable-text stk-block-text stk-block stk-2d2d291\" data-block-id=\"2d2d291\"><p class=\"stk-block-text__text\">En vous inscrivant, vous recevrez :<\/p><\/div>\n\n\n\n<div class=\"wp-block-stackable-icon-list stk-block-icon-list stk-block stk-9ff714e\" data-block-id=\"9ff714e\"><svg style=\"display:none\"><defs><g id=\"stk-icon-list__icon-svg-def-9ff714e\"><svg xmlns=\"http:\/\/www.w3.org\/2000\/svg\" viewBox=\"0 0 190 190\"><polygon points=\"173.8,28.4 60.4,141.8 15.7,97.2 5.1,107.8 60.4,163 184.4,39 173.8,28.4\"\/><\/svg><\/g><\/defs><\/svg><ul class=\"stk-block-icon-list__ul stk-block-icon-list--column\">\n<li class=\"wp-block-stackable-icon-list-item stk-block-icon-list-item stk-block stk-e6cfc92\" data-block-id=\"e6cfc92\"><div class=\"stk-block-icon-list-item__content\"><span class=\"stk--svg-wrapper\"><div class=\"stk--inner-svg\"><svg aria-hidden=\"true\" width=\"32\" height=\"32\"><use xlink:href=\"#stk-icon-list__icon-svg-def-9ff714e\"><\/use><\/svg><\/div><\/span><span class=\"stk-block-icon-list-item__text\"><strong>Nos \u00e9clairages m\u00e9tiers :<\/strong> pour suivre et d\u00e9crypter les \u00e9volutions du marketing digital.<\/span><\/div><\/li>\n\n\n\n<li class=\"wp-block-stackable-icon-list-item stk-block-icon-list-item stk-block stk-0aee1ad\" data-block-id=\"0aee1ad\"><style>.stk-0aee1ad .stk-block-icon-list-item__text{line-height:1.6em !important;}<\/style><div class=\"stk-block-icon-list-item__content\"><span class=\"stk--svg-wrapper\"><div class=\"stk--inner-svg\"><svg aria-hidden=\"true\" width=\"32\" height=\"32\"><use xlink:href=\"#stk-icon-list__icon-svg-def-9ff714e\"><\/use><\/svg><\/div><\/span><span class=\"stk-block-icon-list-item__text\"><strong>Des id\u00e9es et des concepts :<\/strong> pour nourrir vos propres projets et votre r\u00e9flexion.<\/span><\/div><\/li>\n\n\n\n<li class=\"wp-block-stackable-icon-list-item stk-block-icon-list-item stk-block stk-d5c82a6\" data-block-id=\"d5c82a6\"><div class=\"stk-block-icon-list-item__content\"><span class=\"stk--svg-wrapper\"><div class=\"stk--inner-svg\"><svg aria-hidden=\"true\" width=\"32\" height=\"32\"><use xlink:href=\"#stk-icon-list__icon-svg-def-9ff714e\"><\/use><\/svg><\/div><\/span><span class=\"stk-block-icon-list-item__text\"><strong>Nos humeurs :<\/strong> parce que derri\u00e8re Business Link, il y a des humains qui papotent, vivent et ressentent.<\/span><\/div><\/li>\n<\/ul><\/div>\n\n\n\n<div class=\"wp-block-stackable-text stk-block-text stk-block stk-485be61\" data-block-id=\"485be61\"><p class=\"stk-block-text__text\">Pas de spam, juste du contenu sympa, utile et un peu de notre quotidien sur la M\u00e9tropole Lilloise.<\/p><\/div>\n<\/div><\/div><\/div>\n\n\n\n<div class=\"wp-block-stackable-column stk-block-column stk-column stk-block stk-82b4e4a\" data-v=\"4\" data-block-id=\"82b4e4a\"><style>@media screen and (min-width: 768px){.stk-82b4e4a {flex:var(--stk-flex-grow, 1) 1 calc(40% - var(--stk-column-gap, 0px) * 1 \/ 2 ) !important;}}<\/style><div class=\"stk-column-wrapper stk-block-column__content stk-container stk-82b4e4a-container stk--no-background stk--no-padding\"><div class=\"stk-block-content stk-inner-blocks stk-82b4e4a-inner-blocks\"><script type=\"text\/javascript\">\n<!--\n\tjQuery(document).ready(function()\n\t{\n\t\tjQuery('#submit-btn').bind('click', function()\n\t\t{\n\t\t\tthis.html = \"Patienter...\";\n\t\t\tthis.disabled = true;\n\t\t\t\n\t\t\tjQuery('.disabled_comptage').attr('disabled', false);\n\t\t\t\n\t\t\tjQuery('.form-inxmail form').submit();\n\t\t\t\n\t\t\tthis.disabled = false;\n\t\t\t\n\t\t\treturn true;\n\t\t});\n\t});\n\/\/-->\n<\/script>\n\n<form id=\"form-inxmail-newsletter\" action=\"#form-inxmail-newsletter\" method=\"post\" class=\"form-inxmail\">\n\t<input type=\"hidden\" name=\"INXMAIL_SUBSCRIPTION\" value=\"BLINK\" \/>\n\t<input type=\"hidden\" name=\"INXMAIL_HTTP_REDIRECT\" value=\"http:\/\/www.business-link.fr\/site\/wp-json\/wp\/v2\/pages\/714merci\/\" \/>\n\t<input type=\"hidden\" name=\"INXMAIL_HTTP_REDIRECT_ERROR\" value=\"http:\/\/www.business-link.fr\/site\/wp-json\/wp\/v2\/pages\/714?error\" \/>\n\t<input type=\"hidden\" name=\"INXMAIL_CHARSET\" value=\"UTF-8\" \/>\n\t\n\t\t<div class=\"row align-items-center justify-content-center\">\n\t\t\t<div class=\"col-12 col-md-12\">\n\t\t\t<div class=\"form-group mb-2\">\n\t\t\t\t\t\t\t\t<input type=\"text\" id=\"email\" name=\"email\" required value=\"\" placeholder=\"Email\" class=\"form-control\" \/>\n\t\t\t\t\t\t\t<\/div>\n\t\t<\/div>\n\t\t\n\t\t<\/div>\n\t\t<div class=\"row align-items-center justify-content-center\">\n\t\t\t<div class=\"col-12 col-md-6\">\n\t\t\t<div class=\"form-group mb-2\">\n\t\t\t\t\t\t\t\t<input type=\"text\" id=\"lastname\" name=\"BLINK_NOM\"  value=\"\" placeholder=\"Nom\" class=\"form-control\" \/>\n\t\t\t\t\t\t\t<\/div>\n\t\t<\/div>\n\t\t\n\t\t\t<div class=\"col-12 col-md-6\">\n\t\t\t<div class=\"form-group mb-2\">\n\t\t\t\t\t\t\t\t<input type=\"text\" id=\"firstname\" name=\"BLINK_PRENOM\"  value=\"\" placeholder=\"Pr\u00e9nom\" class=\"form-control\" \/>\n\t\t\t\t\t\t\t<\/div>\n\t\t<\/div>\n\t\t\n\t\t<\/div>\n\t\t<div class=\"row align-items-center justify-content-center\">\n\t\t\t<div class=\"col-12 col-md-12\">\n\t\t\t<div class=\"form-group mb-2\">\n\t\t\t\t\t\t\t\t<input type=\"text\" id=\"company\" name=\"BLINK_SOCIETE\"  value=\"\" placeholder=\"Soci\u00e9t\u00e9\" class=\"form-control\" \/>\n\t\t\t\t\t\t\t<\/div>\n\t\t<\/div>\n\t\t\n\t\t<\/div>\n\t\t<div class=\"row align-items-center justify-content-center\">\n\t\t\t<div class=\"col-12 col-md-12\">\n\t\t\t<div class=\"form-group mb-2\">\n\t\t\t\t\t\t\t\t<input type=\"hidden\" id=\"hidden\" name=\"BLINK_COMMENTAIRE\"  value=\"newsletter\" \/>\n\t\t\t\t\t\t\t<\/div>\n\t\t<\/div>\n\t\t\n\t\t<\/div>\n\t\t<div class=\"row align-items-center justify-content-center\">\n\t\t\t<div class=\"col-12 col-md-12\">\n\t\t\t<div class=\"form-group mb-2\">\n\t\t\t\t\t\t\t\t<input type=\"hidden\" id=\"segment\" name=\"BLINK_SEGMENT\" required value=\"Prospect\" \/>\n\t\t\t\t\t\t\t<\/div>\n\t\t<\/div>\n\t\t\n\t\t<\/div>\n\t\t<div class=\"row align-items-center justify-content-center\">\n\t\t\t<div class=\"col-12 col-md-12\">\n\t\t\t<div class=\"form-group mb-2\">\n\t\t\t\t\t\t\t\t<input type=\"hidden\" id=\"origine\" name=\"BLINK_ORIGINE\"  value=\"inscription-news-site\" \/>\n\t\t\t\t\t\t\t<\/div>\n\t\t<\/div>\n\t\t\n\t\t<\/div>\n\t\t<div class=\"text-center\">\n\t\t<div class=\"g-recaptcha d-inline-block mb-3\" data-sitekey=\"6LeWCcsZAAAAAMCddMxsexTmEwn1M2nju3_aTc6N\"><\/div>\n\t<\/div>\n\t\n\t<input type=\"hidden\" name=\"form_type\" value=\"newsletter\" \/>\n\t\n\t<div class=\"text-center\">\n\t\t<button id=\"submit-btn\" type=\"submit\" class=\"btn btn-primary btn-lg text-uppercase px-5\">Envoyer<\/button>\n\t<\/div>\n\t\n\t<div class=\"note mt-2\">\n\t\t<span class=\"required\">*<\/span>Champs requis\n\t<\/div>\n\t\n\t<p style=\"font-size: 10px;\">Les donn\u00e9es de ce formulaire sont n\u00e9cessaires au traitement de votre demande et ne sont pas transmises \u00e0 un tiers. Certaines donn\u00e9es sont demand\u00e9es pour mieux personnaliser notre offre et am\u00e9liorer votre exp\u00e9rience client. Vous disposez d\u2019un droit de rectification et de suppression des donn\u00e9es personnelles vous concernant. Vous b\u00e9n\u00e9ficiez \u00e9galement d\u2019un droit \u00e0 l\u2019oubli. Vous pouvez contacter notre responsable de la protection des donn\u00e9es en <a href=\"http:\/\/www.business-link.fr\/site\/nous-contacter\/\">cliquant ici<\/a>.<\/p>\n\t\t\n    <div class=\"clear\"><\/div>\n<\/form>\n<\/div><\/div><\/div>\n<\/div><\/div>\n","protected":false},"excerpt":{"rendered":"<p>Rejoignez notre canal privil\u00e9gi\u00e9, notre newsletter ! La newsletter, c\u2019est notre canal pr\u00e9f\u00e9r\u00e9. C\u2019est l\u00e0 que l\u2019on prend le temps de partager avec vous, sans filtre et sans d\u00e9tour. En vous inscrivant, vous recevrez : Pas de spam, juste du contenu sympa, utile et un peu de notre quotidien sur la M\u00e9tropole Lilloise.<\/p>\n","protected":false},"author":2,"featured_media":0,"parent":0,"menu_order":0,"comment_status":"open","ping_status":"open","template":"template\/page-form.php","meta":{"_acf_changed":false,"footnotes":""},"class_list":["post-714","page","type-page","status-publish","hentry"],"acf":[],"yoast_head":"<!-- This site is optimized with the Yoast SEO plugin v27.3 - https:\/\/yoast.com\/product\/yoast-seo-wordpress\/ -->\n<title>Newsletter | Business Link<\/title>\n<meta name=\"description\" content=\"Inscrivez-vous et recevez les newsletters de Business Link : marketing B2B, g\u00e9n\u00e9ration de leads, base de donn\u00e9es, r\u00e9alisations clients, t\u00e9moignages, etc.\" \/>\n<meta name=\"robots\" content=\"index, follow, max-snippet:-1, max-image-preview:large, max-video-preview:-1\" \/>\n<link rel=\"canonical\" href=\"https:\/\/www.business-link.fr\/site\/newsletter\/\" \/>\n<meta property=\"og:locale\" content=\"fr_FR\" \/>\n<meta property=\"og:type\" content=\"article\" \/>\n<meta property=\"og:title\" content=\"Newsletter | Business Link\" \/>\n<meta property=\"og:description\" content=\"Inscrivez-vous et recevez les newsletters de Business Link : marketing B2B, g\u00e9n\u00e9ration de leads, base de donn\u00e9es, r\u00e9alisations clients, t\u00e9moignages, etc.\" \/>\n<meta property=\"og:url\" content=\"https:\/\/www.business-link.fr\/site\/newsletter\/\" \/>\n<meta property=\"og:site_name\" content=\"Business Link\" \/>\n<meta property=\"article:publisher\" content=\"https:\/\/www.facebook.com\/Business.Link.marketingB2B\/\" \/>\n<meta property=\"article:modified_time\" content=\"2026-03-23T11:30:20+00:00\" \/>\n<meta name=\"twitter:label1\" content=\"Dur\u00e9e de lecture estim\u00e9e\" \/>\n\t<meta name=\"twitter:data1\" content=\"1 minute\" \/>\n<script type=\"application\/ld+json\" class=\"yoast-schema-graph\">{\"@context\":\"https:\\\/\\\/schema.org\",\"@graph\":[{\"@type\":\"WebPage\",\"@id\":\"https:\\\/\\\/www.business-link.fr\\\/site\\\/newsletter\\\/\",\"url\":\"https:\\\/\\\/www.business-link.fr\\\/site\\\/newsletter\\\/\",\"name\":\"Newsletter | Business Link\",\"isPartOf\":{\"@id\":\"https:\\\/\\\/www.business-link.fr\\\/site\\\/#website\"},\"datePublished\":\"2015-02-18T17:13:20+00:00\",\"dateModified\":\"2026-03-23T11:30:20+00:00\",\"description\":\"Inscrivez-vous et recevez les newsletters de Business Link : marketing B2B, g\u00e9n\u00e9ration de leads, base de donn\u00e9es, r\u00e9alisations clients, t\u00e9moignages, etc.\",\"breadcrumb\":{\"@id\":\"https:\\\/\\\/www.business-link.fr\\\/site\\\/newsletter\\\/#breadcrumb\"},\"inLanguage\":\"fr-FR\",\"potentialAction\":[{\"@type\":\"ReadAction\",\"target\":[\"https:\\\/\\\/www.business-link.fr\\\/site\\\/newsletter\\\/\"]}]},{\"@type\":\"BreadcrumbList\",\"@id\":\"https:\\\/\\\/www.business-link.fr\\\/site\\\/newsletter\\\/#breadcrumb\",\"itemListElement\":[{\"@type\":\"ListItem\",\"position\":1,\"name\":\"Accueil\",\"item\":\"https:\\\/\\\/www.business-link.fr\\\/site\\\/\"},{\"@type\":\"ListItem\",\"position\":2,\"name\":\"Newsletter\"}]},{\"@type\":\"WebSite\",\"@id\":\"https:\\\/\\\/www.business-link.fr\\\/site\\\/#website\",\"url\":\"https:\\\/\\\/www.business-link.fr\\\/site\\\/\",\"name\":\"Business Link\",\"description\":\"L&#039;expert B2B qui accompagne votre d\u00e9veloppement\",\"publisher\":{\"@id\":\"https:\\\/\\\/www.business-link.fr\\\/site\\\/#organization\"},\"potentialAction\":[{\"@type\":\"SearchAction\",\"target\":{\"@type\":\"EntryPoint\",\"urlTemplate\":\"https:\\\/\\\/www.business-link.fr\\\/site\\\/?s={search_term_string}\"},\"query-input\":{\"@type\":\"PropertyValueSpecification\",\"valueRequired\":true,\"valueName\":\"search_term_string\"}}],\"inLanguage\":\"fr-FR\"},{\"@type\":\"Organization\",\"@id\":\"https:\\\/\\\/www.business-link.fr\\\/site\\\/#organization\",\"name\":\"Business Link\",\"url\":\"https:\\\/\\\/www.business-link.fr\\\/site\\\/\",\"logo\":{\"@type\":\"ImageObject\",\"inLanguage\":\"fr-FR\",\"@id\":\"https:\\\/\\\/www.business-link.fr\\\/site\\\/#\\\/schema\\\/logo\\\/image\\\/\",\"url\":\"https:\\\/\\\/www.business-link.fr\\\/site\\\/wp-content\\\/uploads\\\/2026\\\/03\\\/BLINK-logo-vertical-bleu-copie.png\",\"contentUrl\":\"https:\\\/\\\/www.business-link.fr\\\/site\\\/wp-content\\\/uploads\\\/2026\\\/03\\\/BLINK-logo-vertical-bleu-copie.png\",\"width\":418,\"height\":196,\"caption\":\"Business Link\"},\"image\":{\"@id\":\"https:\\\/\\\/www.business-link.fr\\\/site\\\/#\\\/schema\\\/logo\\\/image\\\/\"},\"sameAs\":[\"https:\\\/\\\/www.facebook.com\\\/Business.Link.marketingB2B\\\/\",\"https:\\\/\\\/www.linkedin.com\\\/company\\\/b-link\\\/\",\"https:\\\/\\\/www.instagram.com\\\/team_business_link\",\"https:\\\/\\\/www.youtube.com\\\/channel\\\/UCLI6vEbvytIdipXj1FRdNrw\"]}]}<\/script>\n<!-- \/ Yoast SEO plugin. -->","yoast_head_json":{"title":"Newsletter | Business Link","description":"Inscrivez-vous et recevez les newsletters de Business Link : marketing B2B, g\u00e9n\u00e9ration de leads, base de donn\u00e9es, r\u00e9alisations clients, t\u00e9moignages, etc.","robots":{"index":"index","follow":"follow","max-snippet":"max-snippet:-1","max-image-preview":"max-image-preview:large","max-video-preview":"max-video-preview:-1"},"canonical":"https:\/\/www.business-link.fr\/site\/newsletter\/","og_locale":"fr_FR","og_type":"article","og_title":"Newsletter | Business Link","og_description":"Inscrivez-vous et recevez les newsletters de Business Link : marketing B2B, g\u00e9n\u00e9ration de leads, base de donn\u00e9es, r\u00e9alisations clients, t\u00e9moignages, etc.","og_url":"https:\/\/www.business-link.fr\/site\/newsletter\/","og_site_name":"Business Link","article_publisher":"https:\/\/www.facebook.com\/Business.Link.marketingB2B\/","article_modified_time":"2026-03-23T11:30:20+00:00","twitter_misc":{"Dur\u00e9e de lecture estim\u00e9e":"1 minute"},"schema":{"@context":"https:\/\/schema.org","@graph":[{"@type":"WebPage","@id":"https:\/\/www.business-link.fr\/site\/newsletter\/","url":"https:\/\/www.business-link.fr\/site\/newsletter\/","name":"Newsletter | Business Link","isPartOf":{"@id":"https:\/\/www.business-link.fr\/site\/#website"},"datePublished":"2015-02-18T17:13:20+00:00","dateModified":"2026-03-23T11:30:20+00:00","description":"Inscrivez-vous et recevez les newsletters de Business Link : marketing B2B, g\u00e9n\u00e9ration de leads, base de donn\u00e9es, r\u00e9alisations clients, t\u00e9moignages, etc.","breadcrumb":{"@id":"https:\/\/www.business-link.fr\/site\/newsletter\/#breadcrumb"},"inLanguage":"fr-FR","potentialAction":[{"@type":"ReadAction","target":["https:\/\/www.business-link.fr\/site\/newsletter\/"]}]},{"@type":"BreadcrumbList","@id":"https:\/\/www.business-link.fr\/site\/newsletter\/#breadcrumb","itemListElement":[{"@type":"ListItem","position":1,"name":"Accueil","item":"https:\/\/www.business-link.fr\/site\/"},{"@type":"ListItem","position":2,"name":"Newsletter"}]},{"@type":"WebSite","@id":"https:\/\/www.business-link.fr\/site\/#website","url":"https:\/\/www.business-link.fr\/site\/","name":"Business Link","description":"L&#039;expert B2B qui accompagne votre d\u00e9veloppement","publisher":{"@id":"https:\/\/www.business-link.fr\/site\/#organization"},"potentialAction":[{"@type":"SearchAction","target":{"@type":"EntryPoint","urlTemplate":"https:\/\/www.business-link.fr\/site\/?s={search_term_string}"},"query-input":{"@type":"PropertyValueSpecification","valueRequired":true,"valueName":"search_term_string"}}],"inLanguage":"fr-FR"},{"@type":"Organization","@id":"https:\/\/www.business-link.fr\/site\/#organization","name":"Business Link","url":"https:\/\/www.business-link.fr\/site\/","logo":{"@type":"ImageObject","inLanguage":"fr-FR","@id":"https:\/\/www.business-link.fr\/site\/#\/schema\/logo\/image\/","url":"https:\/\/www.business-link.fr\/site\/wp-content\/uploads\/2026\/03\/BLINK-logo-vertical-bleu-copie.png","contentUrl":"https:\/\/www.business-link.fr\/site\/wp-content\/uploads\/2026\/03\/BLINK-logo-vertical-bleu-copie.png","width":418,"height":196,"caption":"Business Link"},"image":{"@id":"https:\/\/www.business-link.fr\/site\/#\/schema\/logo\/image\/"},"sameAs":["https:\/\/www.facebook.com\/Business.Link.marketingB2B\/","https:\/\/www.linkedin.com\/company\/b-link\/","https:\/\/www.instagram.com\/team_business_link","https:\/\/www.youtube.com\/channel\/UCLI6vEbvytIdipXj1FRdNrw"]}]}},"_links":{"self":[{"href":"https:\/\/www.business-link.fr\/site\/wp-json\/wp\/v2\/pages\/714","targetHints":{"allow":["GET"]}}],"collection":[{"href":"https:\/\/www.business-link.fr\/site\/wp-json\/wp\/v2\/pages"}],"about":[{"href":"https:\/\/www.business-link.fr\/site\/wp-json\/wp\/v2\/types\/page"}],"author":[{"embeddable":true,"href":"https:\/\/www.business-link.fr\/site\/wp-json\/wp\/v2\/users\/2"}],"replies":[{"embeddable":true,"href":"https:\/\/www.business-link.fr\/site\/wp-json\/wp\/v2\/comments?post=714"}],"version-history":[{"count":104,"href":"https:\/\/www.business-link.fr\/site\/wp-json\/wp\/v2\/pages\/714\/revisions"}],"predecessor-version":[{"id":8456,"href":"https:\/\/www.business-link.fr\/site\/wp-json\/wp\/v2\/pages\/714\/revisions\/8456"}],"wp:attachment":[{"href":"https:\/\/www.business-link.fr\/site\/wp-json\/wp\/v2\/media?parent=714"}],"curies":[{"name":"wp","href":"https:\/\/api.w.org\/{rel}","templated":true}]}}