{"id":4194,"date":"2018-05-25T12:33:25","date_gmt":"2018-05-25T12:33:25","guid":{"rendered":"https:\/\/www.business-link.fr\/site\/?page_id=4194"},"modified":"2021-03-31T18:05:13","modified_gmt":"2021-03-31T18:05:13","slug":"gestion-des-cookies","status":"publish","type":"page","link":"https:\/\/www.business-link.fr\/site\/gestion-des-cookies\/","title":{"rendered":"Gestion des Cookies"},"content":{"rendered":"<p><strong>Utilisation et param\u00e9trage des cookies du site Business-Link<\/strong><\/p>\n<p>Le site Business Link utilise des cookies afin de garantir une bonne exp\u00e9rience de navigation mais aussi \u00e0 des fins statistiques. Nous distinguons 2 types de cookies :<\/p>\n<p>&#8211; les <strong>cookies essentiels<\/strong> au fonctionnement du site qui ne peuvent \u00eatre d\u00e9sactiv\u00e9s. Il s&rsquo;agit des cookies :<br \/><span style=\"text-decoration: underline;\">HTTPONLY<\/span> \/ dur\u00e9e : 1 jour \/ Ce traceur vise \u00e0 garantir la s\u00e9curit\u00e9 de navigation du visiteur en emp\u00eachant la contrefa\u00e7on de requ\u00eate inter-site.<br \/><span style=\"text-decoration: underline;\">PHPSESSID<\/span> \/ dur\u00e9e : temps de la session de navigation \/ Conserve la configuration des param\u00e8tres des utilisateurs \u00e0 travers les demandes de page.<\/p>\n<p>&#8211; les <strong>cookies tiers<\/strong> (statistiques, marketing&#8230;) que vous pouvez accepter ou non via l&rsquo;agent AXEPTIO en bas \u00e0 gauche de votre \u00e9cran.\u00a0<\/p>\n<p>\u00a0<\/p>\n<p><strong>Comment param\u00e9trer vos cookies dans le navigateur que vous utilisez ?<\/strong><\/p>\n<p><span style=\"font-size: inherit;\">La configuration de chaque navigateur est diff\u00e9rente. Elle est d\u00e9crite dans le menu d&rsquo;aide de votre navigateur, qui vous permettra de savoir de quelle mani\u00e8re modifier vos choix en mati\u00e8re de cookies :<\/span><\/p>\n<table>\n<tbody>\n<tr>\n<td style=\"with: 50%; padding-left: 30px; vertical-align: top;\">\n<p>-Pour <strong>Internet Explorer<\/strong>: ouvrez le menu Outils, puis s\u00e9lectionnez Options internet ; cliquez sur l&rsquo;onglet Confidentialit\u00e9 puis choisissez le niveau souhait\u00e9,<\/p>\n<p>-Pour <strong>Firefox<\/strong>: ouvrez le menu Outils, puis s\u00e9lectionnez Options ; cliquez sur l&rsquo;onglet Vie priv\u00e9e puis choisissez les options souhait\u00e9es,<\/p>\n<p>-Pour <strong>Chrome<\/strong> : ouvrez le menu de configuration (logo cl\u00e9 \u00e0 molettes), puis s\u00e9lectionnez Param\u00e8tres ; cliquez sur Param\u00e8tres avanc\u00e9s puis sur Param\u00e8tres de contenu, puis choisissez les options souhait\u00e9es.<\/p>\n<p>-Pour <strong>Safari<\/strong> : choisissez Safari &gt; Pr\u00e9f\u00e9rences puis cliquez sur S\u00e9curit\u00e9 ; cliquez sur Afficher les cookies puis choisissez les options souhait\u00e9es,<\/p>\n<p>-Pour <strong>Opera<\/strong> : ouvrez le menu Outils, puis s\u00e9lectionnez Pr\u00e9f\u00e9rences ; cliquez sur l&rsquo;onglet Avanc\u00e9, puis dans la rubrique Cookies cliquez sur G\u00e9rer les cookies ; choisissez les options souhait\u00e9es<\/p>\n<\/td>\n<td style=\"vertical-align: top;\"><img decoding=\"async\" src=\"http:\/\/www.business-link.fr\/site\/site\/wp-content\/uploads\/2018\/05\/cookies.jpg\" alt=\"\" width=\"100%\" \/><\/td>\n<\/tr>\n<\/tbody>\n<\/table>\n\n","protected":false},"excerpt":{"rendered":"<p>Utilisation et param\u00e9trage des cookies du site Business-Link Le site Business Link utilise des cookies afin de garantir une bonne exp\u00e9rience de navigation mais aussi \u00e0 des fins statistiques. Nous distinguons 2 types de cookies : &#8211; les cookies essentiels au fonctionnement du site qui ne peuvent \u00eatre d\u00e9sactiv\u00e9s. Il s&rsquo;agit des cookies :HTTPONLY \/ [&hellip;]<\/p>\n","protected":false},"author":2,"featured_media":0,"parent":0,"menu_order":0,"comment_status":"closed","ping_status":"closed","template":"","meta":{"_acf_changed":false,"footnotes":""},"class_list":["post-4194","page","type-page","status-publish","hentry"],"acf":[],"yoast_head":"<!-- This site is optimized with the Yoast SEO plugin v27.3 - https:\/\/yoast.com\/product\/yoast-seo-wordpress\/ -->\n<title>Gestion des Cookies | Business Link<\/title>\n<meta name=\"description\" content=\"Utilisation et param\u00e9trage des cookies du site Business-Link Le site Business Link utilise des cookies afin de garantir une bonne exp\u00e9rience de navigation\" \/>\n<meta name=\"robots\" content=\"index, follow, max-snippet:-1, max-image-preview:large, max-video-preview:-1\" \/>\n<link rel=\"canonical\" href=\"https:\/\/www.business-link.fr\/site\/gestion-des-cookies\/\" \/>\n<meta property=\"og:locale\" content=\"fr_FR\" \/>\n<meta property=\"og:type\" content=\"article\" \/>\n<meta property=\"og:title\" content=\"Gestion des Cookies | Business Link\" \/>\n<meta property=\"og:description\" content=\"Utilisation et param\u00e9trage des cookies du site Business-Link Le site Business Link utilise des cookies afin de garantir une bonne exp\u00e9rience de navigation\" \/>\n<meta property=\"og:url\" content=\"https:\/\/www.business-link.fr\/site\/gestion-des-cookies\/\" \/>\n<meta property=\"og:site_name\" content=\"Business Link\" \/>\n<meta property=\"article:publisher\" content=\"https:\/\/www.facebook.com\/Business.Link.marketingB2B\/\" \/>\n<meta property=\"article:modified_time\" content=\"2021-03-31T18:05:13+00:00\" \/>\n<meta property=\"og:image\" content=\"http:\/\/www.business-link.fr\/site\/wp-content\/uploads\/2018\/05\/cookies.jpg\" \/>\n<meta name=\"twitter:label1\" content=\"Dur\u00e9e de lecture estim\u00e9e\" \/>\n\t<meta name=\"twitter:data1\" content=\"2 minutes\" \/>\n<script type=\"application\/ld+json\" class=\"yoast-schema-graph\">{\"@context\":\"https:\\\/\\\/schema.org\",\"@graph\":[{\"@type\":\"WebPage\",\"@id\":\"https:\\\/\\\/www.business-link.fr\\\/site\\\/gestion-des-cookies\\\/\",\"url\":\"https:\\\/\\\/www.business-link.fr\\\/site\\\/gestion-des-cookies\\\/\",\"name\":\"Gestion des Cookies | Business Link\",\"isPartOf\":{\"@id\":\"https:\\\/\\\/www.business-link.fr\\\/site\\\/#website\"},\"primaryImageOfPage\":{\"@id\":\"https:\\\/\\\/www.business-link.fr\\\/site\\\/gestion-des-cookies\\\/#primaryimage\"},\"image\":{\"@id\":\"https:\\\/\\\/www.business-link.fr\\\/site\\\/gestion-des-cookies\\\/#primaryimage\"},\"thumbnailUrl\":\"http:\\\/\\\/www.business-link.fr\\\/site\\\/site\\\/wp-content\\\/uploads\\\/2018\\\/05\\\/cookies.jpg\",\"datePublished\":\"2018-05-25T12:33:25+00:00\",\"dateModified\":\"2021-03-31T18:05:13+00:00\",\"description\":\"Utilisation et param\u00e9trage des cookies du site Business-Link Le site Business Link utilise des cookies afin de garantir une bonne exp\u00e9rience de navigation\",\"breadcrumb\":{\"@id\":\"https:\\\/\\\/www.business-link.fr\\\/site\\\/gestion-des-cookies\\\/#breadcrumb\"},\"inLanguage\":\"fr-FR\",\"potentialAction\":[{\"@type\":\"ReadAction\",\"target\":[\"https:\\\/\\\/www.business-link.fr\\\/site\\\/gestion-des-cookies\\\/\"]}]},{\"@type\":\"ImageObject\",\"inLanguage\":\"fr-FR\",\"@id\":\"https:\\\/\\\/www.business-link.fr\\\/site\\\/gestion-des-cookies\\\/#primaryimage\",\"url\":\"http:\\\/\\\/www.business-link.fr\\\/site\\\/site\\\/wp-content\\\/uploads\\\/2018\\\/05\\\/cookies.jpg\",\"contentUrl\":\"http:\\\/\\\/www.business-link.fr\\\/site\\\/site\\\/wp-content\\\/uploads\\\/2018\\\/05\\\/cookies.jpg\"},{\"@type\":\"BreadcrumbList\",\"@id\":\"https:\\\/\\\/www.business-link.fr\\\/site\\\/gestion-des-cookies\\\/#breadcrumb\",\"itemListElement\":[{\"@type\":\"ListItem\",\"position\":1,\"name\":\"Accueil\",\"item\":\"https:\\\/\\\/www.business-link.fr\\\/site\\\/\"},{\"@type\":\"ListItem\",\"position\":2,\"name\":\"Gestion des Cookies\"}]},{\"@type\":\"WebSite\",\"@id\":\"https:\\\/\\\/www.business-link.fr\\\/site\\\/#website\",\"url\":\"https:\\\/\\\/www.business-link.fr\\\/site\\\/\",\"name\":\"Business Link\",\"description\":\"L&#039;expert B2B qui accompagne votre d\u00e9veloppement\",\"publisher\":{\"@id\":\"https:\\\/\\\/www.business-link.fr\\\/site\\\/#organization\"},\"potentialAction\":[{\"@type\":\"SearchAction\",\"target\":{\"@type\":\"EntryPoint\",\"urlTemplate\":\"https:\\\/\\\/www.business-link.fr\\\/site\\\/?s={search_term_string}\"},\"query-input\":{\"@type\":\"PropertyValueSpecification\",\"valueRequired\":true,\"valueName\":\"search_term_string\"}}],\"inLanguage\":\"fr-FR\"},{\"@type\":\"Organization\",\"@id\":\"https:\\\/\\\/www.business-link.fr\\\/site\\\/#organization\",\"name\":\"Business Link\",\"url\":\"https:\\\/\\\/www.business-link.fr\\\/site\\\/\",\"logo\":{\"@type\":\"ImageObject\",\"inLanguage\":\"fr-FR\",\"@id\":\"https:\\\/\\\/www.business-link.fr\\\/site\\\/#\\\/schema\\\/logo\\\/image\\\/\",\"url\":\"https:\\\/\\\/www.business-link.fr\\\/site\\\/wp-content\\\/uploads\\\/2026\\\/03\\\/BLINK-logo-vertical-bleu-copie.png\",\"contentUrl\":\"https:\\\/\\\/www.business-link.fr\\\/site\\\/wp-content\\\/uploads\\\/2026\\\/03\\\/BLINK-logo-vertical-bleu-copie.png\",\"width\":418,\"height\":196,\"caption\":\"Business Link\"},\"image\":{\"@id\":\"https:\\\/\\\/www.business-link.fr\\\/site\\\/#\\\/schema\\\/logo\\\/image\\\/\"},\"sameAs\":[\"https:\\\/\\\/www.facebook.com\\\/Business.Link.marketingB2B\\\/\",\"https:\\\/\\\/www.linkedin.com\\\/company\\\/b-link\\\/\",\"https:\\\/\\\/www.instagram.com\\\/team_business_link\",\"https:\\\/\\\/www.youtube.com\\\/channel\\\/UCLI6vEbvytIdipXj1FRdNrw\"]}]}<\/script>\n<!-- \/ Yoast SEO plugin. -->","yoast_head_json":{"title":"Gestion des Cookies | Business Link","description":"Utilisation et param\u00e9trage des cookies du site Business-Link Le site Business Link utilise des cookies afin de garantir une bonne exp\u00e9rience de navigation","robots":{"index":"index","follow":"follow","max-snippet":"max-snippet:-1","max-image-preview":"max-image-preview:large","max-video-preview":"max-video-preview:-1"},"canonical":"https:\/\/www.business-link.fr\/site\/gestion-des-cookies\/","og_locale":"fr_FR","og_type":"article","og_title":"Gestion des Cookies | Business Link","og_description":"Utilisation et param\u00e9trage des cookies du site Business-Link Le site Business Link utilise des cookies afin de garantir une bonne exp\u00e9rience de navigation","og_url":"https:\/\/www.business-link.fr\/site\/gestion-des-cookies\/","og_site_name":"Business Link","article_publisher":"https:\/\/www.facebook.com\/Business.Link.marketingB2B\/","article_modified_time":"2021-03-31T18:05:13+00:00","og_image":[{"url":"http:\/\/www.business-link.fr\/site\/wp-content\/uploads\/2018\/05\/cookies.jpg","type":"","width":"","height":""}],"twitter_misc":{"Dur\u00e9e de lecture estim\u00e9e":"2 minutes"},"schema":{"@context":"https:\/\/schema.org","@graph":[{"@type":"WebPage","@id":"https:\/\/www.business-link.fr\/site\/gestion-des-cookies\/","url":"https:\/\/www.business-link.fr\/site\/gestion-des-cookies\/","name":"Gestion des Cookies | Business Link","isPartOf":{"@id":"https:\/\/www.business-link.fr\/site\/#website"},"primaryImageOfPage":{"@id":"https:\/\/www.business-link.fr\/site\/gestion-des-cookies\/#primaryimage"},"image":{"@id":"https:\/\/www.business-link.fr\/site\/gestion-des-cookies\/#primaryimage"},"thumbnailUrl":"http:\/\/www.business-link.fr\/site\/site\/wp-content\/uploads\/2018\/05\/cookies.jpg","datePublished":"2018-05-25T12:33:25+00:00","dateModified":"2021-03-31T18:05:13+00:00","description":"Utilisation et param\u00e9trage des cookies du site Business-Link Le site Business Link utilise des cookies afin de garantir une bonne exp\u00e9rience de navigation","breadcrumb":{"@id":"https:\/\/www.business-link.fr\/site\/gestion-des-cookies\/#breadcrumb"},"inLanguage":"fr-FR","potentialAction":[{"@type":"ReadAction","target":["https:\/\/www.business-link.fr\/site\/gestion-des-cookies\/"]}]},{"@type":"ImageObject","inLanguage":"fr-FR","@id":"https:\/\/www.business-link.fr\/site\/gestion-des-cookies\/#primaryimage","url":"http:\/\/www.business-link.fr\/site\/site\/wp-content\/uploads\/2018\/05\/cookies.jpg","contentUrl":"http:\/\/www.business-link.fr\/site\/site\/wp-content\/uploads\/2018\/05\/cookies.jpg"},{"@type":"BreadcrumbList","@id":"https:\/\/www.business-link.fr\/site\/gestion-des-cookies\/#breadcrumb","itemListElement":[{"@type":"ListItem","position":1,"name":"Accueil","item":"https:\/\/www.business-link.fr\/site\/"},{"@type":"ListItem","position":2,"name":"Gestion des Cookies"}]},{"@type":"WebSite","@id":"https:\/\/www.business-link.fr\/site\/#website","url":"https:\/\/www.business-link.fr\/site\/","name":"Business Link","description":"L&#039;expert B2B qui accompagne votre d\u00e9veloppement","publisher":{"@id":"https:\/\/www.business-link.fr\/site\/#organization"},"potentialAction":[{"@type":"SearchAction","target":{"@type":"EntryPoint","urlTemplate":"https:\/\/www.business-link.fr\/site\/?s={search_term_string}"},"query-input":{"@type":"PropertyValueSpecification","valueRequired":true,"valueName":"search_term_string"}}],"inLanguage":"fr-FR"},{"@type":"Organization","@id":"https:\/\/www.business-link.fr\/site\/#organization","name":"Business Link","url":"https:\/\/www.business-link.fr\/site\/","logo":{"@type":"ImageObject","inLanguage":"fr-FR","@id":"https:\/\/www.business-link.fr\/site\/#\/schema\/logo\/image\/","url":"https:\/\/www.business-link.fr\/site\/wp-content\/uploads\/2026\/03\/BLINK-logo-vertical-bleu-copie.png","contentUrl":"https:\/\/www.business-link.fr\/site\/wp-content\/uploads\/2026\/03\/BLINK-logo-vertical-bleu-copie.png","width":418,"height":196,"caption":"Business Link"},"image":{"@id":"https:\/\/www.business-link.fr\/site\/#\/schema\/logo\/image\/"},"sameAs":["https:\/\/www.facebook.com\/Business.Link.marketingB2B\/","https:\/\/www.linkedin.com\/company\/b-link\/","https:\/\/www.instagram.com\/team_business_link","https:\/\/www.youtube.com\/channel\/UCLI6vEbvytIdipXj1FRdNrw"]}]}},"_links":{"self":[{"href":"https:\/\/www.business-link.fr\/site\/wp-json\/wp\/v2\/pages\/4194","targetHints":{"allow":["GET"]}}],"collection":[{"href":"https:\/\/www.business-link.fr\/site\/wp-json\/wp\/v2\/pages"}],"about":[{"href":"https:\/\/www.business-link.fr\/site\/wp-json\/wp\/v2\/types\/page"}],"author":[{"embeddable":true,"href":"https:\/\/www.business-link.fr\/site\/wp-json\/wp\/v2\/users\/2"}],"replies":[{"embeddable":true,"href":"https:\/\/www.business-link.fr\/site\/wp-json\/wp\/v2\/comments?post=4194"}],"version-history":[{"count":13,"href":"https:\/\/www.business-link.fr\/site\/wp-json\/wp\/v2\/pages\/4194\/revisions"}],"predecessor-version":[{"id":6082,"href":"https:\/\/www.business-link.fr\/site\/wp-json\/wp\/v2\/pages\/4194\/revisions\/6082"}],"wp:attachment":[{"href":"https:\/\/www.business-link.fr\/site\/wp-json\/wp\/v2\/media?parent=4194"}],"curies":[{"name":"wp","href":"https:\/\/api.w.org\/{rel}","templated":true}]}}