{"id":3900,"date":"2018-01-22T15:44:20","date_gmt":"2018-01-22T15:44:20","guid":{"rendered":"https:\/\/www.business-link.fr\/site\/?page_id=3900"},"modified":"2018-01-25T10:08:00","modified_gmt":"2018-01-25T10:08:00","slug":"outil-de-calcul-de-secteurs-commerciaux","status":"publish","type":"page","link":"https:\/\/www.business-link.fr\/site\/outil-de-calcul-de-secteurs-commerciaux\/","title":{"rendered":"Calcul de secteurs commerciaux"},"content":{"rendered":"<div class=\"subtitle\"><a href=\"https:\/\/www.business-link.fr\/site\/site\/wp-content\/uploads\/2018\/01\/cropenings-300x224.png\"><img loading=\"lazy\" decoding=\"async\" style=\"float: right;\" src=\"https:\/\/www.business-link.fr\/site\/site\/wp-content\/uploads\/2018\/01\/cropenings-300x224.png\" alt=\"\" width=\"300\" height=\"224\" \/><\/a>D\u00e9finissez le potentiel de prospection par d\u00e9partement<br \/>\n sur les deux variables Insee:<br \/>\n code NAF pour l&rsquo;activit\u00e9 et tranche d&rsquo;effectif pour la taille.<\/div>\n<p>\u00a0\u00a0\u2022\u00a0Recevez au format excel les donn\u00e9es Insee par d\u00e9partement.<br \/>\n \u00a0\u00a0\u2022\u00a0Vous saurez combien d&rsquo;entreprises correspondent \u00e0 votre ciblage en France et Dom-Tom.<br \/>\n \u00a0\u00a0\u2022\u00a0Construisez des secteurs commerciaux coh\u00e9rents permettant \u00e0 chaque vendeur d&rsquo;avoir un secteur \u00e9quivalent en terme de potentiel<\/p>\n<p class=\"subtitle\">Nous sommes \u00e0 votre disposition pour vous fournir les <a href=\"https:\/\/www.business-link.fr\/site\/site\/prospecter-de-nouvelles-cibles\/fichiers-cibles-mise-en-repoussoir-md5\/\">adresses qualifi\u00e9es<\/a> sur ces cibles et organiser des <a href=\"https:\/\/www.business-link.fr\/site\/site\/realisations\/emailing\/\">campagnes de prospection<\/a> adapt\u00e9es.<\/p>\n","protected":false},"excerpt":{"rendered":"<p>D\u00e9finissez le potentiel de prospection par d\u00e9partement sur les deux variables Insee: code NAF pour l&rsquo;activit\u00e9 et tranche d&rsquo;effectif pour la taille. \u00a0\u00a0\u2022\u00a0Recevez au format excel les donn\u00e9es Insee par d\u00e9partement. \u00a0\u00a0\u2022\u00a0Vous saurez combien d&rsquo;entreprises correspondent \u00e0 votre ciblage en France et Dom-Tom. \u00a0\u00a0\u2022\u00a0Construisez des secteurs commerciaux coh\u00e9rents permettant \u00e0 chaque vendeur d&rsquo;avoir un secteur [&hellip;]<\/p>\n","protected":false},"author":1,"featured_media":0,"parent":0,"menu_order":0,"comment_status":"closed","ping_status":"closed","template":"template\/page-tools-secteurs.php","meta":{"_acf_changed":false,"footnotes":""},"class_list":["post-3900","page","type-page","status-publish","hentry"],"acf":[],"yoast_head":"<!-- This site is optimized with the Yoast SEO plugin v27.3 - https:\/\/yoast.com\/product\/yoast-seo-wordpress\/ -->\n<title>Calcul de secteurs commerciaux | Business Link<\/title>\n<meta name=\"description\" content=\"D\u00e9finissez le potentiel de prospection par d\u00e9partement sur les deux variables Insee: code NAF pour l&#039;activit\u00e9 et tranche d&#039;effectif pour la taille.\" \/>\n<meta name=\"robots\" content=\"index, follow, max-snippet:-1, max-image-preview:large, max-video-preview:-1\" \/>\n<link rel=\"canonical\" href=\"https:\/\/www.business-link.fr\/site\/outil-de-calcul-de-secteurs-commerciaux\/\" \/>\n<meta property=\"og:locale\" content=\"fr_FR\" \/>\n<meta property=\"og:type\" content=\"article\" \/>\n<meta property=\"og:title\" content=\"Calcul de secteurs commerciaux | Business Link\" \/>\n<meta property=\"og:description\" content=\"D\u00e9finissez le potentiel de prospection par d\u00e9partement sur les deux variables Insee: code NAF pour l&#039;activit\u00e9 et tranche d&#039;effectif pour la taille.\" \/>\n<meta property=\"og:url\" content=\"https:\/\/www.business-link.fr\/site\/outil-de-calcul-de-secteurs-commerciaux\/\" \/>\n<meta property=\"og:site_name\" content=\"Business Link\" \/>\n<meta property=\"article:publisher\" content=\"https:\/\/www.facebook.com\/Business.Link.marketingB2B\/\" \/>\n<meta property=\"article:modified_time\" content=\"2018-01-25T10:08:00+00:00\" \/>\n<meta property=\"og:image\" content=\"https:\/\/www.business-link.fr\/site\/wp-content\/uploads\/2018\/01\/cropenings-300x224.png\" \/>\n<script type=\"application\/ld+json\" class=\"yoast-schema-graph\">{\"@context\":\"https:\\\/\\\/schema.org\",\"@graph\":[{\"@type\":\"WebPage\",\"@id\":\"https:\\\/\\\/www.business-link.fr\\\/site\\\/outil-de-calcul-de-secteurs-commerciaux\\\/\",\"url\":\"https:\\\/\\\/www.business-link.fr\\\/site\\\/outil-de-calcul-de-secteurs-commerciaux\\\/\",\"name\":\"Calcul de secteurs commerciaux | Business Link\",\"isPartOf\":{\"@id\":\"https:\\\/\\\/www.business-link.fr\\\/site\\\/#website\"},\"primaryImageOfPage\":{\"@id\":\"https:\\\/\\\/www.business-link.fr\\\/site\\\/outil-de-calcul-de-secteurs-commerciaux\\\/#primaryimage\"},\"image\":{\"@id\":\"https:\\\/\\\/www.business-link.fr\\\/site\\\/outil-de-calcul-de-secteurs-commerciaux\\\/#primaryimage\"},\"thumbnailUrl\":\"https:\\\/\\\/www.business-link.fr\\\/site\\\/site\\\/wp-content\\\/uploads\\\/2018\\\/01\\\/cropenings-300x224.png\",\"datePublished\":\"2018-01-22T15:44:20+00:00\",\"dateModified\":\"2018-01-25T10:08:00+00:00\",\"description\":\"D\u00e9finissez le potentiel de prospection par d\u00e9partement sur les deux variables Insee: code NAF pour l'activit\u00e9 et tranche d'effectif pour la taille.\",\"breadcrumb\":{\"@id\":\"https:\\\/\\\/www.business-link.fr\\\/site\\\/outil-de-calcul-de-secteurs-commerciaux\\\/#breadcrumb\"},\"inLanguage\":\"fr-FR\",\"potentialAction\":[{\"@type\":\"ReadAction\",\"target\":[\"https:\\\/\\\/www.business-link.fr\\\/site\\\/outil-de-calcul-de-secteurs-commerciaux\\\/\"]}]},{\"@type\":\"ImageObject\",\"inLanguage\":\"fr-FR\",\"@id\":\"https:\\\/\\\/www.business-link.fr\\\/site\\\/outil-de-calcul-de-secteurs-commerciaux\\\/#primaryimage\",\"url\":\"https:\\\/\\\/www.business-link.fr\\\/site\\\/site\\\/wp-content\\\/uploads\\\/2018\\\/01\\\/cropenings-300x224.png\",\"contentUrl\":\"https:\\\/\\\/www.business-link.fr\\\/site\\\/site\\\/wp-content\\\/uploads\\\/2018\\\/01\\\/cropenings-300x224.png\"},{\"@type\":\"BreadcrumbList\",\"@id\":\"https:\\\/\\\/www.business-link.fr\\\/site\\\/outil-de-calcul-de-secteurs-commerciaux\\\/#breadcrumb\",\"itemListElement\":[{\"@type\":\"ListItem\",\"position\":1,\"name\":\"Accueil\",\"item\":\"https:\\\/\\\/www.business-link.fr\\\/site\\\/\"},{\"@type\":\"ListItem\",\"position\":2,\"name\":\"Calcul de secteurs commerciaux\"}]},{\"@type\":\"WebSite\",\"@id\":\"https:\\\/\\\/www.business-link.fr\\\/site\\\/#website\",\"url\":\"https:\\\/\\\/www.business-link.fr\\\/site\\\/\",\"name\":\"Business Link\",\"description\":\"L&#039;expert B2B qui accompagne votre d\u00e9veloppement\",\"publisher\":{\"@id\":\"https:\\\/\\\/www.business-link.fr\\\/site\\\/#organization\"},\"potentialAction\":[{\"@type\":\"SearchAction\",\"target\":{\"@type\":\"EntryPoint\",\"urlTemplate\":\"https:\\\/\\\/www.business-link.fr\\\/site\\\/?s={search_term_string}\"},\"query-input\":{\"@type\":\"PropertyValueSpecification\",\"valueRequired\":true,\"valueName\":\"search_term_string\"}}],\"inLanguage\":\"fr-FR\"},{\"@type\":\"Organization\",\"@id\":\"https:\\\/\\\/www.business-link.fr\\\/site\\\/#organization\",\"name\":\"Business Link\",\"url\":\"https:\\\/\\\/www.business-link.fr\\\/site\\\/\",\"logo\":{\"@type\":\"ImageObject\",\"inLanguage\":\"fr-FR\",\"@id\":\"https:\\\/\\\/www.business-link.fr\\\/site\\\/#\\\/schema\\\/logo\\\/image\\\/\",\"url\":\"https:\\\/\\\/www.business-link.fr\\\/site\\\/wp-content\\\/uploads\\\/2026\\\/03\\\/BLINK-logo-vertical-bleu-copie.png\",\"contentUrl\":\"https:\\\/\\\/www.business-link.fr\\\/site\\\/wp-content\\\/uploads\\\/2026\\\/03\\\/BLINK-logo-vertical-bleu-copie.png\",\"width\":418,\"height\":196,\"caption\":\"Business Link\"},\"image\":{\"@id\":\"https:\\\/\\\/www.business-link.fr\\\/site\\\/#\\\/schema\\\/logo\\\/image\\\/\"},\"sameAs\":[\"https:\\\/\\\/www.facebook.com\\\/Business.Link.marketingB2B\\\/\",\"https:\\\/\\\/www.linkedin.com\\\/company\\\/b-link\\\/\",\"https:\\\/\\\/www.instagram.com\\\/team_business_link\",\"https:\\\/\\\/www.youtube.com\\\/channel\\\/UCLI6vEbvytIdipXj1FRdNrw\"]}]}<\/script>\n<!-- \/ Yoast SEO plugin. -->","yoast_head_json":{"title":"Calcul de secteurs commerciaux | Business Link","description":"D\u00e9finissez le potentiel de prospection par d\u00e9partement sur les deux variables Insee: code NAF pour l'activit\u00e9 et tranche d'effectif pour la taille.","robots":{"index":"index","follow":"follow","max-snippet":"max-snippet:-1","max-image-preview":"max-image-preview:large","max-video-preview":"max-video-preview:-1"},"canonical":"https:\/\/www.business-link.fr\/site\/outil-de-calcul-de-secteurs-commerciaux\/","og_locale":"fr_FR","og_type":"article","og_title":"Calcul de secteurs commerciaux | Business Link","og_description":"D\u00e9finissez le potentiel de prospection par d\u00e9partement sur les deux variables Insee: code NAF pour l'activit\u00e9 et tranche d'effectif pour la taille.","og_url":"https:\/\/www.business-link.fr\/site\/outil-de-calcul-de-secteurs-commerciaux\/","og_site_name":"Business Link","article_publisher":"https:\/\/www.facebook.com\/Business.Link.marketingB2B\/","article_modified_time":"2018-01-25T10:08:00+00:00","og_image":[{"url":"https:\/\/www.business-link.fr\/site\/wp-content\/uploads\/2018\/01\/cropenings-300x224.png","type":"","width":"","height":""}],"schema":{"@context":"https:\/\/schema.org","@graph":[{"@type":"WebPage","@id":"https:\/\/www.business-link.fr\/site\/outil-de-calcul-de-secteurs-commerciaux\/","url":"https:\/\/www.business-link.fr\/site\/outil-de-calcul-de-secteurs-commerciaux\/","name":"Calcul de secteurs commerciaux | Business Link","isPartOf":{"@id":"https:\/\/www.business-link.fr\/site\/#website"},"primaryImageOfPage":{"@id":"https:\/\/www.business-link.fr\/site\/outil-de-calcul-de-secteurs-commerciaux\/#primaryimage"},"image":{"@id":"https:\/\/www.business-link.fr\/site\/outil-de-calcul-de-secteurs-commerciaux\/#primaryimage"},"thumbnailUrl":"https:\/\/www.business-link.fr\/site\/site\/wp-content\/uploads\/2018\/01\/cropenings-300x224.png","datePublished":"2018-01-22T15:44:20+00:00","dateModified":"2018-01-25T10:08:00+00:00","description":"D\u00e9finissez le potentiel de prospection par d\u00e9partement sur les deux variables Insee: code NAF pour l'activit\u00e9 et tranche d'effectif pour la taille.","breadcrumb":{"@id":"https:\/\/www.business-link.fr\/site\/outil-de-calcul-de-secteurs-commerciaux\/#breadcrumb"},"inLanguage":"fr-FR","potentialAction":[{"@type":"ReadAction","target":["https:\/\/www.business-link.fr\/site\/outil-de-calcul-de-secteurs-commerciaux\/"]}]},{"@type":"ImageObject","inLanguage":"fr-FR","@id":"https:\/\/www.business-link.fr\/site\/outil-de-calcul-de-secteurs-commerciaux\/#primaryimage","url":"https:\/\/www.business-link.fr\/site\/site\/wp-content\/uploads\/2018\/01\/cropenings-300x224.png","contentUrl":"https:\/\/www.business-link.fr\/site\/site\/wp-content\/uploads\/2018\/01\/cropenings-300x224.png"},{"@type":"BreadcrumbList","@id":"https:\/\/www.business-link.fr\/site\/outil-de-calcul-de-secteurs-commerciaux\/#breadcrumb","itemListElement":[{"@type":"ListItem","position":1,"name":"Accueil","item":"https:\/\/www.business-link.fr\/site\/"},{"@type":"ListItem","position":2,"name":"Calcul de secteurs commerciaux"}]},{"@type":"WebSite","@id":"https:\/\/www.business-link.fr\/site\/#website","url":"https:\/\/www.business-link.fr\/site\/","name":"Business Link","description":"L&#039;expert B2B qui accompagne votre d\u00e9veloppement","publisher":{"@id":"https:\/\/www.business-link.fr\/site\/#organization"},"potentialAction":[{"@type":"SearchAction","target":{"@type":"EntryPoint","urlTemplate":"https:\/\/www.business-link.fr\/site\/?s={search_term_string}"},"query-input":{"@type":"PropertyValueSpecification","valueRequired":true,"valueName":"search_term_string"}}],"inLanguage":"fr-FR"},{"@type":"Organization","@id":"https:\/\/www.business-link.fr\/site\/#organization","name":"Business Link","url":"https:\/\/www.business-link.fr\/site\/","logo":{"@type":"ImageObject","inLanguage":"fr-FR","@id":"https:\/\/www.business-link.fr\/site\/#\/schema\/logo\/image\/","url":"https:\/\/www.business-link.fr\/site\/wp-content\/uploads\/2026\/03\/BLINK-logo-vertical-bleu-copie.png","contentUrl":"https:\/\/www.business-link.fr\/site\/wp-content\/uploads\/2026\/03\/BLINK-logo-vertical-bleu-copie.png","width":418,"height":196,"caption":"Business Link"},"image":{"@id":"https:\/\/www.business-link.fr\/site\/#\/schema\/logo\/image\/"},"sameAs":["https:\/\/www.facebook.com\/Business.Link.marketingB2B\/","https:\/\/www.linkedin.com\/company\/b-link\/","https:\/\/www.instagram.com\/team_business_link","https:\/\/www.youtube.com\/channel\/UCLI6vEbvytIdipXj1FRdNrw"]}]}},"_links":{"self":[{"href":"https:\/\/www.business-link.fr\/site\/wp-json\/wp\/v2\/pages\/3900","targetHints":{"allow":["GET"]}}],"collection":[{"href":"https:\/\/www.business-link.fr\/site\/wp-json\/wp\/v2\/pages"}],"about":[{"href":"https:\/\/www.business-link.fr\/site\/wp-json\/wp\/v2\/types\/page"}],"author":[{"embeddable":true,"href":"https:\/\/www.business-link.fr\/site\/wp-json\/wp\/v2\/users\/1"}],"replies":[{"embeddable":true,"href":"https:\/\/www.business-link.fr\/site\/wp-json\/wp\/v2\/comments?post=3900"}],"version-history":[{"count":19,"href":"https:\/\/www.business-link.fr\/site\/wp-json\/wp\/v2\/pages\/3900\/revisions"}],"predecessor-version":[{"id":5729,"href":"https:\/\/www.business-link.fr\/site\/wp-json\/wp\/v2\/pages\/3900\/revisions\/5729"}],"wp:attachment":[{"href":"https:\/\/www.business-link.fr\/site\/wp-json\/wp\/v2\/media?parent=3900"}],"curies":[{"name":"wp","href":"https:\/\/api.w.org\/{rel}","templated":true}]}}