{"id":3731,"date":"2017-10-26T13:11:49","date_gmt":"2017-10-26T13:11:49","guid":{"rendered":"https:\/\/www.business-link.fr\/site\/?page_id=3731"},"modified":"2020-09-10T10:04:22","modified_gmt":"2020-09-10T10:04:22","slug":"preference-center","status":"publish","type":"page","link":"https:\/\/www.business-link.fr\/site\/preference-center\/","title":{"rendered":"G\u00e9rez vos pr\u00e9f\u00e9rences quant \u00e0 nos envois"},"content":{"rendered":"<table style=\"width: 800px; text-align: left; margin-left: auto; margin-right: auto;\" border=\"0\" cellspacing=\"0\" cellpadding=\"0\">\n<tbody>\n<tr>\n<td style=\"width: 500px;\">\u00a0<\/p>\n<p>[$include(content)]<\/p>\n<p style=\"font-size: 10px;\">Les donn\u00e9es de ce formulaire sont n\u00e9cessaires au traitement de votre demande et ne sont pas transmises \u00e0 un tiers. Certaines donn\u00e9es sont demand\u00e9es pour mieux personnaliser notre offre et am\u00e9liorer votre exp\u00e9rience client. Vous disposez d\u2019un droit de rectification et de suppression des donn\u00e9es personnelles vous concernant. Vous b\u00e9n\u00e9ficiez \u00e9galement d\u2019un droit \u00e0 l\u2019oubli. Vous pouvez contacter notre responsable de la protection des donn\u00e9es en <a href=\"https:\/\/www.business-link.fr\/site\/site\/nous-contacter\/\">cliquant ici<\/a>.<\/p>\n<\/td>\n<td style=\"width: 400px; vertical-align: top; text-align: center;\"><img loading=\"lazy\" decoding=\"async\" src=\"https:\/\/www.business-link.fr\/site\/site\/wp-content\/uploads\/2017\/11\/marguerite.gif\" width=\"300\" height=\"400\" \/><\/td>\n<\/tr>\n<\/tbody>\n<\/table>\n<p>&nbsp;<\/p>\n","protected":false},"excerpt":{"rendered":"<p>\u00a0 [$include(content)] Les donn\u00e9es de ce formulaire sont n\u00e9cessaires au traitement de votre demande et ne sont pas transmises \u00e0 un tiers. Certaines donn\u00e9es sont demand\u00e9es pour mieux personnaliser notre offre et am\u00e9liorer votre exp\u00e9rience client. Vous disposez d\u2019un droit de rectification et de suppression des donn\u00e9es personnelles vous concernant. Vous b\u00e9n\u00e9ficiez \u00e9galement d\u2019un droit [&hellip;]<\/p>\n","protected":false},"author":2,"featured_media":0,"parent":0,"menu_order":0,"comment_status":"closed","ping_status":"closed","template":"","meta":{"_acf_changed":false,"footnotes":""},"class_list":["post-3731","page","type-page","status-publish","hentry"],"acf":[],"yoast_head":"<!-- This site is optimized with the Yoast SEO plugin v27.3 - https:\/\/yoast.com\/product\/yoast-seo-wordpress\/ -->\n<title>G\u00e9rez vos pr\u00e9f\u00e9rences quant \u00e0 nos envois | Business Link<\/title>\n<meta name=\"description\" content=\"\u00a0 Les donn\u00e9es de ce formulaire sont n\u00e9cessaires au traitement de votre demande et ne sont pas transmises \u00e0 un tiers. Certaines donn\u00e9es sont demand\u00e9es pour\" \/>\n<meta name=\"robots\" content=\"index, follow, max-snippet:-1, max-image-preview:large, max-video-preview:-1\" \/>\n<link rel=\"canonical\" href=\"https:\/\/www.business-link.fr\/site\/preference-center\/\" \/>\n<meta property=\"og:locale\" content=\"fr_FR\" \/>\n<meta property=\"og:type\" content=\"article\" \/>\n<meta property=\"og:title\" content=\"G\u00e9rez vos pr\u00e9f\u00e9rences quant \u00e0 nos envois | Business Link\" \/>\n<meta property=\"og:description\" content=\"\u00a0 Les donn\u00e9es de ce formulaire sont n\u00e9cessaires au traitement de votre demande et ne sont pas transmises \u00e0 un tiers. Certaines donn\u00e9es sont demand\u00e9es pour\" \/>\n<meta property=\"og:url\" content=\"https:\/\/www.business-link.fr\/site\/preference-center\/\" \/>\n<meta property=\"og:site_name\" content=\"Business Link\" \/>\n<meta property=\"article:publisher\" content=\"https:\/\/www.facebook.com\/Business.Link.marketingB2B\/\" \/>\n<meta property=\"article:modified_time\" content=\"2020-09-10T10:04:22+00:00\" \/>\n<meta property=\"og:image\" content=\"https:\/\/www.business-link.fr\/site\/wp-content\/uploads\/2017\/11\/marguerite.gif\" \/>\n<script type=\"application\/ld+json\" class=\"yoast-schema-graph\">{\"@context\":\"https:\\\/\\\/schema.org\",\"@graph\":[{\"@type\":\"WebPage\",\"@id\":\"https:\\\/\\\/www.business-link.fr\\\/site\\\/preference-center\\\/\",\"url\":\"https:\\\/\\\/www.business-link.fr\\\/site\\\/preference-center\\\/\",\"name\":\"G\u00e9rez vos pr\u00e9f\u00e9rences quant \u00e0 nos envois | Business Link\",\"isPartOf\":{\"@id\":\"https:\\\/\\\/www.business-link.fr\\\/site\\\/#website\"},\"primaryImageOfPage\":{\"@id\":\"https:\\\/\\\/www.business-link.fr\\\/site\\\/preference-center\\\/#primaryimage\"},\"image\":{\"@id\":\"https:\\\/\\\/www.business-link.fr\\\/site\\\/preference-center\\\/#primaryimage\"},\"thumbnailUrl\":\"https:\\\/\\\/www.business-link.fr\\\/site\\\/site\\\/wp-content\\\/uploads\\\/2017\\\/11\\\/marguerite.gif\",\"datePublished\":\"2017-10-26T13:11:49+00:00\",\"dateModified\":\"2020-09-10T10:04:22+00:00\",\"description\":\"\u00a0 Les donn\u00e9es de ce formulaire sont n\u00e9cessaires au traitement de votre demande et ne sont pas transmises \u00e0 un tiers. Certaines donn\u00e9es sont demand\u00e9es pour\",\"breadcrumb\":{\"@id\":\"https:\\\/\\\/www.business-link.fr\\\/site\\\/preference-center\\\/#breadcrumb\"},\"inLanguage\":\"fr-FR\",\"potentialAction\":[{\"@type\":\"ReadAction\",\"target\":[\"https:\\\/\\\/www.business-link.fr\\\/site\\\/preference-center\\\/\"]}]},{\"@type\":\"ImageObject\",\"inLanguage\":\"fr-FR\",\"@id\":\"https:\\\/\\\/www.business-link.fr\\\/site\\\/preference-center\\\/#primaryimage\",\"url\":\"https:\\\/\\\/www.business-link.fr\\\/site\\\/site\\\/wp-content\\\/uploads\\\/2017\\\/11\\\/marguerite.gif\",\"contentUrl\":\"https:\\\/\\\/www.business-link.fr\\\/site\\\/site\\\/wp-content\\\/uploads\\\/2017\\\/11\\\/marguerite.gif\"},{\"@type\":\"BreadcrumbList\",\"@id\":\"https:\\\/\\\/www.business-link.fr\\\/site\\\/preference-center\\\/#breadcrumb\",\"itemListElement\":[{\"@type\":\"ListItem\",\"position\":1,\"name\":\"Accueil\",\"item\":\"https:\\\/\\\/www.business-link.fr\\\/site\\\/\"},{\"@type\":\"ListItem\",\"position\":2,\"name\":\"G\u00e9rez vos pr\u00e9f\u00e9rences quant \u00e0 nos envois\"}]},{\"@type\":\"WebSite\",\"@id\":\"https:\\\/\\\/www.business-link.fr\\\/site\\\/#website\",\"url\":\"https:\\\/\\\/www.business-link.fr\\\/site\\\/\",\"name\":\"Business Link\",\"description\":\"L&#039;expert B2B qui accompagne votre d\u00e9veloppement\",\"publisher\":{\"@id\":\"https:\\\/\\\/www.business-link.fr\\\/site\\\/#organization\"},\"potentialAction\":[{\"@type\":\"SearchAction\",\"target\":{\"@type\":\"EntryPoint\",\"urlTemplate\":\"https:\\\/\\\/www.business-link.fr\\\/site\\\/?s={search_term_string}\"},\"query-input\":{\"@type\":\"PropertyValueSpecification\",\"valueRequired\":true,\"valueName\":\"search_term_string\"}}],\"inLanguage\":\"fr-FR\"},{\"@type\":\"Organization\",\"@id\":\"https:\\\/\\\/www.business-link.fr\\\/site\\\/#organization\",\"name\":\"Business Link\",\"url\":\"https:\\\/\\\/www.business-link.fr\\\/site\\\/\",\"logo\":{\"@type\":\"ImageObject\",\"inLanguage\":\"fr-FR\",\"@id\":\"https:\\\/\\\/www.business-link.fr\\\/site\\\/#\\\/schema\\\/logo\\\/image\\\/\",\"url\":\"https:\\\/\\\/www.business-link.fr\\\/site\\\/wp-content\\\/uploads\\\/2026\\\/03\\\/BLINK-logo-vertical-bleu-copie.png\",\"contentUrl\":\"https:\\\/\\\/www.business-link.fr\\\/site\\\/wp-content\\\/uploads\\\/2026\\\/03\\\/BLINK-logo-vertical-bleu-copie.png\",\"width\":418,\"height\":196,\"caption\":\"Business Link\"},\"image\":{\"@id\":\"https:\\\/\\\/www.business-link.fr\\\/site\\\/#\\\/schema\\\/logo\\\/image\\\/\"},\"sameAs\":[\"https:\\\/\\\/www.facebook.com\\\/Business.Link.marketingB2B\\\/\",\"https:\\\/\\\/www.linkedin.com\\\/company\\\/b-link\\\/\",\"https:\\\/\\\/www.instagram.com\\\/team_business_link\",\"https:\\\/\\\/www.youtube.com\\\/channel\\\/UCLI6vEbvytIdipXj1FRdNrw\"]}]}<\/script>\n<!-- \/ Yoast SEO plugin. -->","yoast_head_json":{"title":"G\u00e9rez vos pr\u00e9f\u00e9rences quant \u00e0 nos envois | Business Link","description":"\u00a0 Les donn\u00e9es de ce formulaire sont n\u00e9cessaires au traitement de votre demande et ne sont pas transmises \u00e0 un tiers. Certaines donn\u00e9es sont demand\u00e9es pour","robots":{"index":"index","follow":"follow","max-snippet":"max-snippet:-1","max-image-preview":"max-image-preview:large","max-video-preview":"max-video-preview:-1"},"canonical":"https:\/\/www.business-link.fr\/site\/preference-center\/","og_locale":"fr_FR","og_type":"article","og_title":"G\u00e9rez vos pr\u00e9f\u00e9rences quant \u00e0 nos envois | Business Link","og_description":"\u00a0 Les donn\u00e9es de ce formulaire sont n\u00e9cessaires au traitement de votre demande et ne sont pas transmises \u00e0 un tiers. Certaines donn\u00e9es sont demand\u00e9es pour","og_url":"https:\/\/www.business-link.fr\/site\/preference-center\/","og_site_name":"Business Link","article_publisher":"https:\/\/www.facebook.com\/Business.Link.marketingB2B\/","article_modified_time":"2020-09-10T10:04:22+00:00","og_image":[{"url":"https:\/\/www.business-link.fr\/site\/wp-content\/uploads\/2017\/11\/marguerite.gif","type":"","width":"","height":""}],"schema":{"@context":"https:\/\/schema.org","@graph":[{"@type":"WebPage","@id":"https:\/\/www.business-link.fr\/site\/preference-center\/","url":"https:\/\/www.business-link.fr\/site\/preference-center\/","name":"G\u00e9rez vos pr\u00e9f\u00e9rences quant \u00e0 nos envois | Business Link","isPartOf":{"@id":"https:\/\/www.business-link.fr\/site\/#website"},"primaryImageOfPage":{"@id":"https:\/\/www.business-link.fr\/site\/preference-center\/#primaryimage"},"image":{"@id":"https:\/\/www.business-link.fr\/site\/preference-center\/#primaryimage"},"thumbnailUrl":"https:\/\/www.business-link.fr\/site\/site\/wp-content\/uploads\/2017\/11\/marguerite.gif","datePublished":"2017-10-26T13:11:49+00:00","dateModified":"2020-09-10T10:04:22+00:00","description":"\u00a0 Les donn\u00e9es de ce formulaire sont n\u00e9cessaires au traitement de votre demande et ne sont pas transmises \u00e0 un tiers. Certaines donn\u00e9es sont demand\u00e9es pour","breadcrumb":{"@id":"https:\/\/www.business-link.fr\/site\/preference-center\/#breadcrumb"},"inLanguage":"fr-FR","potentialAction":[{"@type":"ReadAction","target":["https:\/\/www.business-link.fr\/site\/preference-center\/"]}]},{"@type":"ImageObject","inLanguage":"fr-FR","@id":"https:\/\/www.business-link.fr\/site\/preference-center\/#primaryimage","url":"https:\/\/www.business-link.fr\/site\/site\/wp-content\/uploads\/2017\/11\/marguerite.gif","contentUrl":"https:\/\/www.business-link.fr\/site\/site\/wp-content\/uploads\/2017\/11\/marguerite.gif"},{"@type":"BreadcrumbList","@id":"https:\/\/www.business-link.fr\/site\/preference-center\/#breadcrumb","itemListElement":[{"@type":"ListItem","position":1,"name":"Accueil","item":"https:\/\/www.business-link.fr\/site\/"},{"@type":"ListItem","position":2,"name":"G\u00e9rez vos pr\u00e9f\u00e9rences quant \u00e0 nos envois"}]},{"@type":"WebSite","@id":"https:\/\/www.business-link.fr\/site\/#website","url":"https:\/\/www.business-link.fr\/site\/","name":"Business Link","description":"L&#039;expert B2B qui accompagne votre d\u00e9veloppement","publisher":{"@id":"https:\/\/www.business-link.fr\/site\/#organization"},"potentialAction":[{"@type":"SearchAction","target":{"@type":"EntryPoint","urlTemplate":"https:\/\/www.business-link.fr\/site\/?s={search_term_string}"},"query-input":{"@type":"PropertyValueSpecification","valueRequired":true,"valueName":"search_term_string"}}],"inLanguage":"fr-FR"},{"@type":"Organization","@id":"https:\/\/www.business-link.fr\/site\/#organization","name":"Business Link","url":"https:\/\/www.business-link.fr\/site\/","logo":{"@type":"ImageObject","inLanguage":"fr-FR","@id":"https:\/\/www.business-link.fr\/site\/#\/schema\/logo\/image\/","url":"https:\/\/www.business-link.fr\/site\/wp-content\/uploads\/2026\/03\/BLINK-logo-vertical-bleu-copie.png","contentUrl":"https:\/\/www.business-link.fr\/site\/wp-content\/uploads\/2026\/03\/BLINK-logo-vertical-bleu-copie.png","width":418,"height":196,"caption":"Business Link"},"image":{"@id":"https:\/\/www.business-link.fr\/site\/#\/schema\/logo\/image\/"},"sameAs":["https:\/\/www.facebook.com\/Business.Link.marketingB2B\/","https:\/\/www.linkedin.com\/company\/b-link\/","https:\/\/www.instagram.com\/team_business_link","https:\/\/www.youtube.com\/channel\/UCLI6vEbvytIdipXj1FRdNrw"]}]}},"_links":{"self":[{"href":"https:\/\/www.business-link.fr\/site\/wp-json\/wp\/v2\/pages\/3731","targetHints":{"allow":["GET"]}}],"collection":[{"href":"https:\/\/www.business-link.fr\/site\/wp-json\/wp\/v2\/pages"}],"about":[{"href":"https:\/\/www.business-link.fr\/site\/wp-json\/wp\/v2\/types\/page"}],"author":[{"embeddable":true,"href":"https:\/\/www.business-link.fr\/site\/wp-json\/wp\/v2\/users\/2"}],"replies":[{"embeddable":true,"href":"https:\/\/www.business-link.fr\/site\/wp-json\/wp\/v2\/comments?post=3731"}],"version-history":[{"count":26,"href":"https:\/\/www.business-link.fr\/site\/wp-json\/wp\/v2\/pages\/3731\/revisions"}],"predecessor-version":[{"id":5773,"href":"https:\/\/www.business-link.fr\/site\/wp-json\/wp\/v2\/pages\/3731\/revisions\/5773"}],"wp:attachment":[{"href":"https:\/\/www.business-link.fr\/site\/wp-json\/wp\/v2\/media?parent=3731"}],"curies":[{"name":"wp","href":"https:\/\/api.w.org\/{rel}","templated":true}]}}