{"id":2,"date":"2015-01-27T16:07:28","date_gmt":"2015-01-27T16:07:28","guid":{"rendered":"https:\/\/www.business-link.fr\/site\/?page_id=2"},"modified":"2026-03-19T10:52:43","modified_gmt":"2026-03-19T10:52:43","slug":"accueil","status":"publish","type":"page","link":"https:\/\/www.business-link.fr\/site\/","title":{"rendered":"DATA &#038; Marketing B2B"},"content":{"rendered":"\n<div style=\"height:15px\" aria-hidden=\"true\" class=\"wp-block-spacer\"><\/div>\n\n\n\n<div class=\"wp-block-stackable-image stk-block-image stk-block stk-fc467a8\" data-block-id=\"fc467a8\"><style>.stk-fc467a8 {margin-bottom:0px !important;}.stk-fc467a8 .stk-img-wrapper{width:20% !important;}<\/style><figure><span class=\"stk-img-wrapper stk-image--shape-stretch\"><img loading=\"lazy\" decoding=\"async\" class=\"stk-img\" src=\"https:\/\/www.business-link.fr\/miroirs\/banner-plate-Blink.png\" width=\"20\" height=\"300\"\/><\/span><\/figure><\/div>\n\n\n\n<div style=\"height:15px\" aria-hidden=\"true\" class=\"wp-block-spacer\"><\/div>\n\n\n\n<div class=\"wp-block-stackable-heading stk-block-heading stk-block-heading--v2 stk-block stk-08ef2a5\" id=\"vous-souhaitez-developper-votre-chiffre-daffaires-br-faites-le-choix-dun-marketing-adapte-aux-professionnels\" data-block-id=\"08ef2a5\"><style>.stk-08ef2a5 {margin-bottom:0px !important;}.stk-08ef2a5 .stk-block-heading__text{color:#000000 !important;line-height:1.4em !important;font-weight:normal !important;font-family:-apple-system, BlinkMacSystemFont, \"Segoe UI\", Roboto, Helvetica, Arial, sans-serif, \"Apple Color Emoji\", \"Segoe UI Emoji\", \"Segoe UI Symbol\" !important;}<\/style><h4 class=\"stk-block-heading__text has-text-color has-text-align-center\">Vous souhaitez d\u00e9velopper votre chiffre d\u2019affaires ?<br>Faites le choix d\u2019un marketing adapt\u00e9 aux professionnels !<\/h4><\/div>\n\n\n\n<div class=\"wp-block-stackable-columns stk-block-columns stk-block stk-d855263\" data-block-id=\"d855263\"><style>.stk-d855263 {margin-bottom:0px !important;}<\/style><div class=\"stk-row stk-inner-blocks stk-block-content stk-content-align stk-d855263-column\">\n<div class=\"wp-block-stackable-column stk-block-column stk-column stk-block stk-9977367\" data-v=\"4\" data-block-id=\"9977367\"><div class=\"stk-column-wrapper stk-block-column__content stk-container stk-9977367-container stk--no-background stk--no-padding\"><div class=\"stk-block-content stk-inner-blocks stk-9977367-inner-blocks\">\n<div class=\"wp-block-stackable-image stk-block-image stk-block stk-8ac4eb1\" data-block-id=\"8ac4eb1\"><style>.stk-8ac4eb1 {margin-bottom:0px !important;}.stk-8ac4eb1 .stk-img-wrapper img{transform:scale(0.5) !important;}.stk-8ac4eb1 .stk-img-wrapper{--stk-gradient-overlay:0 !important;}<\/style><figure><span class=\"stk-img-wrapper stk-image--shape-stretch\"><img loading=\"lazy\" decoding=\"async\" class=\"stk-img wp-image-7894\" src=\"https:\/\/www.business-link.fr\/site\/wp-content\/uploads\/2025\/03\/structuration-data.gif\" width=\"300\" height=\"300\" alt=\"structuration\"\/><\/span><\/figure><\/div>\n\n\n\n<div class=\"wp-block-stackable-subtitle stk-block-subtitle stk-block stk-77b4ca1\" data-block-id=\"77b4ca1\"><p class=\"stk-block-subtitle__text stk-subtitle has-text-align-center\"><strong>Structuration<\/strong> du fichier<br>client\/prospect<\/p><\/div>\n<\/div><\/div><\/div>\n\n\n\n<div class=\"wp-block-stackable-column stk-block-column stk-column stk-block stk-25b5755\" data-v=\"4\" data-block-id=\"25b5755\"><div class=\"stk-column-wrapper stk-block-column__content stk-container stk-25b5755-container stk--no-background stk--no-padding\"><div class=\"stk-block-content stk-inner-blocks stk-25b5755-inner-blocks\">\n<div class=\"wp-block-stackable-image stk-block-image stk-block stk-59b97a5\" data-block-id=\"59b97a5\"><style>.stk-59b97a5 {margin-bottom:0px !important;}.stk-59b97a5 .stk-img-wrapper img{transform:scale(0.5) !important;}<\/style><figure><span class=\"stk-img-wrapper stk-image--shape-stretch\"><img loading=\"lazy\" decoding=\"async\" class=\"stk-img wp-image-7890\" src=\"https:\/\/www.business-link.fr\/site\/wp-content\/uploads\/2025\/03\/fidelisation.gif\" width=\"300\" height=\"300\" alt=\"fidelisation\"\/><\/span><\/figure><\/div>\n\n\n\n<div class=\"wp-block-stackable-subtitle stk-block-subtitle stk-block stk-18df2eb\" data-block-id=\"18df2eb\"><p class=\"stk-block-subtitle__text stk-subtitle has-text-align-center\">Mise en place d\u2019actions<br>de <strong>fid\u00e9lisation<\/strong><\/p><\/div>\n<\/div><\/div><\/div>\n\n\n\n<div class=\"wp-block-stackable-column stk-block-column stk-column stk-block stk-a00ba45\" data-v=\"4\" data-block-id=\"a00ba45\"><div class=\"stk-column-wrapper stk-block-column__content stk-container stk-a00ba45-container stk--no-background stk--no-padding\"><div class=\"stk-block-content stk-inner-blocks stk-a00ba45-inner-blocks\">\n<div class=\"wp-block-stackable-image stk-block-image stk-block stk-063e9b6\" data-block-id=\"063e9b6\"><style>.stk-063e9b6 {margin-bottom:0px !important;}.stk-063e9b6 .stk-img-wrapper img{transform:scale(0.5) !important;}<\/style><figure><span class=\"stk-img-wrapper stk-image--shape-stretch\"><img loading=\"lazy\" decoding=\"async\" class=\"stk-img wp-image-7896\" src=\"https:\/\/www.business-link.fr\/site\/wp-content\/uploads\/2025\/03\/prospection.gif\" width=\"300\" height=\"300\" alt=\"prospection\"\/><\/span><\/figure><\/div>\n\n\n\n<div class=\"wp-block-stackable-subtitle stk-block-subtitle stk-block stk-2813d37\" data-block-id=\"2813d37\"><p class=\"stk-block-subtitle__text stk-subtitle has-text-align-center\">Cr\u00e9ation de m\u00e9canique<br>de <strong>prospection<\/strong><\/p><\/div>\n<\/div><\/div><\/div>\n\n\n\n<div class=\"wp-block-stackable-column stk-block-column stk-column stk-block stk-266ae33\" data-v=\"4\" data-block-id=\"266ae33\"><div class=\"stk-column-wrapper stk-block-column__content stk-container stk-266ae33-container stk--no-background stk--no-padding\"><div class=\"stk-block-content stk-inner-blocks stk-266ae33-inner-blocks\">\n<div class=\"wp-block-stackable-image stk-block-image stk-block stk-9f8884e\" data-block-id=\"9f8884e\"><style>.stk-9f8884e {margin-bottom:0px !important;}.stk-9f8884e .stk-img-wrapper img{transform:scale(0.5) !important;}<\/style><figure><span class=\"stk-img-wrapper stk-image--shape-stretch\"><img loading=\"lazy\" decoding=\"async\" class=\"stk-img wp-image-7888\" src=\"https:\/\/www.business-link.fr\/site\/wp-content\/uploads\/2025\/03\/dvp-img.gif\" width=\"300\" height=\"300\" alt=\"image\"\/><\/span><\/figure><\/div>\n\n\n\n<div class=\"wp-block-stackable-subtitle stk-block-subtitle stk-block stk-be1525f\" data-block-id=\"be1525f\"><p class=\"stk-block-subtitle__text stk-subtitle has-text-align-center\">D\u00e9veloppement de<br><strong>votre image<\/strong><\/p><\/div>\n<\/div><\/div><\/div>\n<\/div><\/div>\n\n\n\n<div style=\"height:25px\" aria-hidden=\"true\" class=\"wp-block-spacer\"><\/div>\n","protected":false},"excerpt":{"rendered":"<p>Vous souhaitez d\u00e9velopper votre chiffre d\u2019affaires ?Faites le choix d\u2019un marketing adapt\u00e9 aux professionnels ! Structuration du fichierclient\/prospect Mise en place d\u2019actionsde fid\u00e9lisation Cr\u00e9ation de m\u00e9caniquede prospection D\u00e9veloppement devotre image<\/p>\n","protected":false},"author":2,"featured_media":0,"parent":0,"menu_order":0,"comment_status":"open","ping_status":"open","template":"","meta":{"_acf_changed":false,"footnotes":""},"class_list":["post-2","page","type-page","status-publish","hentry"],"acf":[],"yoast_head":"<!-- This site is optimized with the Yoast SEO plugin v27.3 - https:\/\/yoast.com\/product\/yoast-seo-wordpress\/ -->\n<title>Business Link, votre partenaire marketing B2B<\/title>\n<meta name=\"description\" content=\"Business Link, agence de marketing B2B. Structuration de fichiers clients\/prospects, actions de fid\u00e9lisation et\/ou prospection efficaces.\" \/>\n<meta name=\"robots\" content=\"index, follow, max-snippet:-1, max-image-preview:large, max-video-preview:-1\" \/>\n<link rel=\"canonical\" href=\"https:\/\/www.business-link.fr\/site\/\" \/>\n<meta property=\"og:locale\" content=\"fr_FR\" \/>\n<meta property=\"og:type\" content=\"article\" \/>\n<meta property=\"og:title\" content=\"Business Link, votre partenaire marketing B2B\" \/>\n<meta property=\"og:description\" content=\"Business Link, agence de marketing B2B. Structuration de fichiers clients\/prospects, actions de fid\u00e9lisation et\/ou prospection efficaces.\" \/>\n<meta property=\"og:url\" content=\"https:\/\/www.business-link.fr\/site\/\" \/>\n<meta property=\"og:site_name\" content=\"Business Link\" \/>\n<meta property=\"article:publisher\" content=\"https:\/\/www.facebook.com\/Business.Link.marketingB2B\/\" \/>\n<meta property=\"article:modified_time\" content=\"2026-03-19T10:52:43+00:00\" \/>\n<meta property=\"og:image\" content=\"https:\/\/www.business-link.fr\/miroirs\/banner-plate-Blink.png\" \/>\n<meta name=\"twitter:label1\" content=\"Dur\u00e9e de lecture estim\u00e9e\" \/>\n\t<meta name=\"twitter:data1\" content=\"2 minutes\" \/>\n<script type=\"application\/ld+json\" class=\"yoast-schema-graph\">{\"@context\":\"https:\\\/\\\/schema.org\",\"@graph\":[{\"@type\":\"WebPage\",\"@id\":\"https:\\\/\\\/www.business-link.fr\\\/site\\\/\",\"url\":\"https:\\\/\\\/www.business-link.fr\\\/site\\\/\",\"name\":\"Business Link, votre partenaire marketing B2B\",\"isPartOf\":{\"@id\":\"https:\\\/\\\/www.business-link.fr\\\/site\\\/#website\"},\"primaryImageOfPage\":{\"@id\":\"https:\\\/\\\/www.business-link.fr\\\/site\\\/#primaryimage\"},\"image\":{\"@id\":\"https:\\\/\\\/www.business-link.fr\\\/site\\\/#primaryimage\"},\"thumbnailUrl\":\"https:\\\/\\\/www.business-link.fr\\\/miroirs\\\/banner-plate-Blink.png\",\"datePublished\":\"2015-01-27T16:07:28+00:00\",\"dateModified\":\"2026-03-19T10:52:43+00:00\",\"description\":\"Business Link, agence de marketing B2B. Structuration de fichiers clients\\\/prospects, actions de fid\u00e9lisation et\\\/ou prospection efficaces.\",\"breadcrumb\":{\"@id\":\"https:\\\/\\\/www.business-link.fr\\\/site\\\/#breadcrumb\"},\"inLanguage\":\"fr-FR\",\"potentialAction\":[{\"@type\":\"ReadAction\",\"target\":[\"https:\\\/\\\/www.business-link.fr\\\/site\\\/\"]}]},{\"@type\":\"ImageObject\",\"inLanguage\":\"fr-FR\",\"@id\":\"https:\\\/\\\/www.business-link.fr\\\/site\\\/#primaryimage\",\"url\":\"https:\\\/\\\/www.business-link.fr\\\/miroirs\\\/banner-plate-Blink.png\",\"contentUrl\":\"https:\\\/\\\/www.business-link.fr\\\/miroirs\\\/banner-plate-Blink.png\"},{\"@type\":\"BreadcrumbList\",\"@id\":\"https:\\\/\\\/www.business-link.fr\\\/site\\\/#breadcrumb\",\"itemListElement\":[{\"@type\":\"ListItem\",\"position\":1,\"name\":\"Accueil\",\"item\":\"https:\\\/\\\/www.business-link.fr\\\/site\\\/\"},{\"@type\":\"ListItem\",\"position\":2,\"name\":\"DATA &#038; Marketing B2B\"}]},{\"@type\":\"WebSite\",\"@id\":\"https:\\\/\\\/www.business-link.fr\\\/site\\\/#website\",\"url\":\"https:\\\/\\\/www.business-link.fr\\\/site\\\/\",\"name\":\"Business Link\",\"description\":\"L&#039;expert B2B qui accompagne votre d\u00e9veloppement\",\"publisher\":{\"@id\":\"https:\\\/\\\/www.business-link.fr\\\/site\\\/#organization\"},\"potentialAction\":[{\"@type\":\"SearchAction\",\"target\":{\"@type\":\"EntryPoint\",\"urlTemplate\":\"https:\\\/\\\/www.business-link.fr\\\/site\\\/?s={search_term_string}\"},\"query-input\":{\"@type\":\"PropertyValueSpecification\",\"valueRequired\":true,\"valueName\":\"search_term_string\"}}],\"inLanguage\":\"fr-FR\"},{\"@type\":\"Organization\",\"@id\":\"https:\\\/\\\/www.business-link.fr\\\/site\\\/#organization\",\"name\":\"Business Link\",\"url\":\"https:\\\/\\\/www.business-link.fr\\\/site\\\/\",\"logo\":{\"@type\":\"ImageObject\",\"inLanguage\":\"fr-FR\",\"@id\":\"https:\\\/\\\/www.business-link.fr\\\/site\\\/#\\\/schema\\\/logo\\\/image\\\/\",\"url\":\"https:\\\/\\\/www.business-link.fr\\\/site\\\/wp-content\\\/uploads\\\/2026\\\/03\\\/BLINK-logo-vertical-bleu-copie.png\",\"contentUrl\":\"https:\\\/\\\/www.business-link.fr\\\/site\\\/wp-content\\\/uploads\\\/2026\\\/03\\\/BLINK-logo-vertical-bleu-copie.png\",\"width\":418,\"height\":196,\"caption\":\"Business Link\"},\"image\":{\"@id\":\"https:\\\/\\\/www.business-link.fr\\\/site\\\/#\\\/schema\\\/logo\\\/image\\\/\"},\"sameAs\":[\"https:\\\/\\\/www.facebook.com\\\/Business.Link.marketingB2B\\\/\",\"https:\\\/\\\/www.linkedin.com\\\/company\\\/b-link\\\/\",\"https:\\\/\\\/www.instagram.com\\\/team_business_link\",\"https:\\\/\\\/www.youtube.com\\\/channel\\\/UCLI6vEbvytIdipXj1FRdNrw\"]}]}<\/script>\n<!-- \/ Yoast SEO plugin. -->","yoast_head_json":{"title":"Business Link, votre partenaire marketing B2B","description":"Business Link, agence de marketing B2B. Structuration de fichiers clients\/prospects, actions de fid\u00e9lisation et\/ou prospection efficaces.","robots":{"index":"index","follow":"follow","max-snippet":"max-snippet:-1","max-image-preview":"max-image-preview:large","max-video-preview":"max-video-preview:-1"},"canonical":"https:\/\/www.business-link.fr\/site\/","og_locale":"fr_FR","og_type":"article","og_title":"Business Link, votre partenaire marketing B2B","og_description":"Business Link, agence de marketing B2B. Structuration de fichiers clients\/prospects, actions de fid\u00e9lisation et\/ou prospection efficaces.","og_url":"https:\/\/www.business-link.fr\/site\/","og_site_name":"Business Link","article_publisher":"https:\/\/www.facebook.com\/Business.Link.marketingB2B\/","article_modified_time":"2026-03-19T10:52:43+00:00","og_image":[{"url":"https:\/\/www.business-link.fr\/miroirs\/banner-plate-Blink.png","type":"","width":"","height":""}],"twitter_misc":{"Dur\u00e9e de lecture estim\u00e9e":"2 minutes"},"schema":{"@context":"https:\/\/schema.org","@graph":[{"@type":"WebPage","@id":"https:\/\/www.business-link.fr\/site\/","url":"https:\/\/www.business-link.fr\/site\/","name":"Business Link, votre partenaire marketing B2B","isPartOf":{"@id":"https:\/\/www.business-link.fr\/site\/#website"},"primaryImageOfPage":{"@id":"https:\/\/www.business-link.fr\/site\/#primaryimage"},"image":{"@id":"https:\/\/www.business-link.fr\/site\/#primaryimage"},"thumbnailUrl":"https:\/\/www.business-link.fr\/miroirs\/banner-plate-Blink.png","datePublished":"2015-01-27T16:07:28+00:00","dateModified":"2026-03-19T10:52:43+00:00","description":"Business Link, agence de marketing B2B. Structuration de fichiers clients\/prospects, actions de fid\u00e9lisation et\/ou prospection efficaces.","breadcrumb":{"@id":"https:\/\/www.business-link.fr\/site\/#breadcrumb"},"inLanguage":"fr-FR","potentialAction":[{"@type":"ReadAction","target":["https:\/\/www.business-link.fr\/site\/"]}]},{"@type":"ImageObject","inLanguage":"fr-FR","@id":"https:\/\/www.business-link.fr\/site\/#primaryimage","url":"https:\/\/www.business-link.fr\/miroirs\/banner-plate-Blink.png","contentUrl":"https:\/\/www.business-link.fr\/miroirs\/banner-plate-Blink.png"},{"@type":"BreadcrumbList","@id":"https:\/\/www.business-link.fr\/site\/#breadcrumb","itemListElement":[{"@type":"ListItem","position":1,"name":"Accueil","item":"https:\/\/www.business-link.fr\/site\/"},{"@type":"ListItem","position":2,"name":"DATA &#038; Marketing B2B"}]},{"@type":"WebSite","@id":"https:\/\/www.business-link.fr\/site\/#website","url":"https:\/\/www.business-link.fr\/site\/","name":"Business Link","description":"L&#039;expert B2B qui accompagne votre d\u00e9veloppement","publisher":{"@id":"https:\/\/www.business-link.fr\/site\/#organization"},"potentialAction":[{"@type":"SearchAction","target":{"@type":"EntryPoint","urlTemplate":"https:\/\/www.business-link.fr\/site\/?s={search_term_string}"},"query-input":{"@type":"PropertyValueSpecification","valueRequired":true,"valueName":"search_term_string"}}],"inLanguage":"fr-FR"},{"@type":"Organization","@id":"https:\/\/www.business-link.fr\/site\/#organization","name":"Business Link","url":"https:\/\/www.business-link.fr\/site\/","logo":{"@type":"ImageObject","inLanguage":"fr-FR","@id":"https:\/\/www.business-link.fr\/site\/#\/schema\/logo\/image\/","url":"https:\/\/www.business-link.fr\/site\/wp-content\/uploads\/2026\/03\/BLINK-logo-vertical-bleu-copie.png","contentUrl":"https:\/\/www.business-link.fr\/site\/wp-content\/uploads\/2026\/03\/BLINK-logo-vertical-bleu-copie.png","width":418,"height":196,"caption":"Business Link"},"image":{"@id":"https:\/\/www.business-link.fr\/site\/#\/schema\/logo\/image\/"},"sameAs":["https:\/\/www.facebook.com\/Business.Link.marketingB2B\/","https:\/\/www.linkedin.com\/company\/b-link\/","https:\/\/www.instagram.com\/team_business_link","https:\/\/www.youtube.com\/channel\/UCLI6vEbvytIdipXj1FRdNrw"]}]}},"_links":{"self":[{"href":"https:\/\/www.business-link.fr\/site\/wp-json\/wp\/v2\/pages\/2","targetHints":{"allow":["GET"]}}],"collection":[{"href":"https:\/\/www.business-link.fr\/site\/wp-json\/wp\/v2\/pages"}],"about":[{"href":"https:\/\/www.business-link.fr\/site\/wp-json\/wp\/v2\/types\/page"}],"author":[{"embeddable":true,"href":"https:\/\/www.business-link.fr\/site\/wp-json\/wp\/v2\/users\/2"}],"replies":[{"embeddable":true,"href":"https:\/\/www.business-link.fr\/site\/wp-json\/wp\/v2\/comments?post=2"}],"version-history":[{"count":204,"href":"https:\/\/www.business-link.fr\/site\/wp-json\/wp\/v2\/pages\/2\/revisions"}],"predecessor-version":[{"id":8419,"href":"https:\/\/www.business-link.fr\/site\/wp-json\/wp\/v2\/pages\/2\/revisions\/8419"}],"wp:attachment":[{"href":"https:\/\/www.business-link.fr\/site\/wp-json\/wp\/v2\/media?parent=2"}],"curies":[{"name":"wp","href":"https:\/\/api.w.org\/{rel}","templated":true}]}}